{"id":1151,"date":"2024-09-16T19:00:46","date_gmt":"2024-09-16T19:00:46","guid":{"rendered":"http:\/\/nilsgruetzner.de\/?page_id=1151"},"modified":"2025-09-05T20:50:40","modified_gmt":"2025-09-05T20:50:40","slug":"lyriktexte","status":"publish","type":"page","link":"https:\/\/nilsgruetzner.de\/?page_id=1151","title":{"rendered":"lyriktexte"},"content":{"rendered":"\n<div class=\"wp-block-cover\"><span aria-hidden=\"true\" class=\"wp-block-cover__background has-background-dim\"><\/span><img data-recalc-dims=\"1\" loading=\"lazy\" decoding=\"async\" width=\"840\" height=\"1493\" class=\"wp-block-cover__image-background wp-image-1153\" alt=\"\" src=\"https:\/\/i0.wp.com\/nilsgruetzner.de\/wp-content\/uploads\/2024\/09\/20240915_105706-edited-scaled.jpg?resize=840%2C1493\" data-object-fit=\"cover\" srcset=\"https:\/\/i0.wp.com\/nilsgruetzner.de\/wp-content\/uploads\/2024\/09\/20240915_105706-edited-scaled.jpg?w=1440&amp;ssl=1 1440w, https:\/\/i0.wp.com\/nilsgruetzner.de\/wp-content\/uploads\/2024\/09\/20240915_105706-edited-scaled.jpg?resize=169%2C300&amp;ssl=1 169w, https:\/\/i0.wp.com\/nilsgruetzner.de\/wp-content\/uploads\/2024\/09\/20240915_105706-edited-scaled.jpg?resize=576%2C1024&amp;ssl=1 576w, https:\/\/i0.wp.com\/nilsgruetzner.de\/wp-content\/uploads\/2024\/09\/20240915_105706-edited-scaled.jpg?resize=768%2C1365&amp;ssl=1 768w, https:\/\/i0.wp.com\/nilsgruetzner.de\/wp-content\/uploads\/2024\/09\/20240915_105706-edited-scaled.jpg?resize=864%2C1536&amp;ssl=1 864w, https:\/\/i0.wp.com\/nilsgruetzner.de\/wp-content\/uploads\/2024\/09\/20240915_105706-edited-scaled.jpg?resize=1152%2C2048&amp;ssl=1 1152w, https:\/\/i0.wp.com\/nilsgruetzner.de\/wp-content\/uploads\/2024\/09\/20240915_105706-edited-scaled.jpg?resize=1200%2C2133&amp;ssl=1 1200w\" sizes=\"auto, (max-width: 709px) 85vw, (max-width: 909px) 67vw, (max-width: 1362px) 62vw, 840px\" \/><div class=\"wp-block-cover__inner-container is-layout-flow wp-block-cover-is-layout-flow\">\n<p class=\"has-text-align-center has-large-font-size\">drei wie ihr<\/p>\n<\/div><\/div>\n\n\n\n<p>Im Waldboden im warmen Braun<br>lagen sie &#8211;<br>Drei Eicheln frisch jung und kraftvoll<br>In alle Richtungen zeigen \u2013 und doch verbunden<br>Selbst und gemeinsam<br>F\u00fcreinander da<br>Ein Potential f\u00fcr noch mehr<br>Weiter gehend&nbsp; &#8211; \u00fcberzeugend &nbsp;&#8211; lebendig<\/p>\n\n\n\n<p>Was steckt in Euch drei?<br><br>Neuer Wald?<br>&nbsp;&nbsp;&nbsp;&nbsp;&nbsp;&nbsp;&nbsp;&nbsp;&nbsp;&nbsp;&nbsp;&nbsp;&nbsp;&nbsp;&nbsp;&nbsp;&nbsp;&nbsp;&nbsp;&nbsp;&nbsp;&nbsp;&nbsp;&nbsp;&nbsp;&nbsp; Gr\u00f6\u00dfe?<br>&nbsp;&nbsp;&nbsp;&nbsp;&nbsp;&nbsp;&nbsp;&nbsp;&nbsp;&nbsp;&nbsp;&nbsp;&nbsp;&nbsp;&nbsp;&nbsp;&nbsp;&nbsp;&nbsp;&nbsp;&nbsp;&nbsp;&nbsp;&nbsp;&nbsp;&nbsp;&nbsp;&nbsp;&nbsp;&nbsp;&nbsp;&nbsp;&nbsp;&nbsp;&nbsp;&nbsp;&nbsp;&nbsp;&nbsp;&nbsp;&nbsp;&nbsp;&nbsp;&nbsp;&nbsp;&nbsp; Kraft?<\/p>\n\n\n\n<p>Eichen:<\/p>\n\n\n\n<p>lange lebend \u2013 widerstandsf\u00e4hig, best\u00e4ndig<br>Ich vertraue in :<br>eure Zukunft &#8211;&nbsp; euer Leben<br>EUCH<\/p>\n\n\n\n<p>Auf dem Weg<br>zu dem Stern,<br>&nbsp; &nbsp;&nbsp;&#8211; der Tr\u00e4ume? <br>    &#8211; der Hoffnung ?<br>&nbsp;&nbsp;&nbsp; &#8211; der Zukunft?<br>umringt von B\u00e4ndern<br>aus &nbsp;Stahl<br>vermessen , verkleinert, eingeteilt. kontextualisiert<\/p>\n\n\n\n<div class=\"wp-block-media-text is-stacked-on-mobile has-background\" style=\"background-color:#a6b0c1\"><figure class=\"wp-block-media-text__media\"><img data-recalc-dims=\"1\" loading=\"lazy\" decoding=\"async\" width=\"840\" height=\"1260\" src=\"https:\/\/i0.wp.com\/nilsgruetzner.de\/wp-content\/uploads\/2024\/09\/Sternenweg.jpg?resize=840%2C1260\" alt=\"\" class=\"wp-image-1155 size-full\" srcset=\"https:\/\/i0.wp.com\/nilsgruetzner.de\/wp-content\/uploads\/2024\/09\/Sternenweg.jpg?w=1654&amp;ssl=1 1654w, https:\/\/i0.wp.com\/nilsgruetzner.de\/wp-content\/uploads\/2024\/09\/Sternenweg.jpg?resize=200%2C300&amp;ssl=1 200w, https:\/\/i0.wp.com\/nilsgruetzner.de\/wp-content\/uploads\/2024\/09\/Sternenweg.jpg?resize=683%2C1024&amp;ssl=1 683w, https:\/\/i0.wp.com\/nilsgruetzner.de\/wp-content\/uploads\/2024\/09\/Sternenweg.jpg?resize=768%2C1152&amp;ssl=1 768w, https:\/\/i0.wp.com\/nilsgruetzner.de\/wp-content\/uploads\/2024\/09\/Sternenweg.jpg?resize=1024%2C1536&amp;ssl=1 1024w, https:\/\/i0.wp.com\/nilsgruetzner.de\/wp-content\/uploads\/2024\/09\/Sternenweg.jpg?resize=1365%2C2048&amp;ssl=1 1365w, https:\/\/i0.wp.com\/nilsgruetzner.de\/wp-content\/uploads\/2024\/09\/Sternenweg.jpg?resize=1200%2C1800&amp;ssl=1 1200w\" sizes=\"auto, (max-width: 709px) 85vw, (max-width: 909px) 67vw, (max-width: 1362px) 62vw, 840px\" \/><\/figure><div class=\"wp-block-media-text__content\">\n<p class=\"has-text-align-center has-large-font-size\"><strong>Sternenweg<\/strong><\/p>\n<\/div><\/div>\n\n\n\n<ul class=\"wp-block-list\">\n<li>Keine Weite<\/li>\n\n\n\n<li>Kein Raum<\/li>\n\n\n\n<li>Keine Unendlichkeit<\/li>\n<\/ul>\n\n\n\n<p>Seinen Spitzen beraubt<br>\u2013  und doch   \u2013<br>ausgestellt \u2013 sichtbar \u2013 dekorativ<br>in exponierter Lage<br>dem &nbsp;Himmel nahe.<\/p>\n\n\n\n<h2 class=\"wp-block-heading\"><a href=\"http:\/\/nilsgruetzner.de\/?p=1186\">Tastaturtext<\/a><\/h2>\n\n\n\n<p>Tasten verlassen das Bett<br>R\u00e4umen das Feld<br>Verschwinden recht adrett<br>Weil dies ihnen so gef\u00e4llt.<\/p>\n\n\n\n<p>Stehe vor dem Schirm<br>Unm\u00f6glich zu beschreiben<br>Dies kann ich so nicht leiden<br>Zermarter das Gehirn<\/p>\n\n\n\n<p>Was soll ich so verfassen<br>Der Frust wird immer gr\u00f6sser<br>Der Druck macht mich noch b\u00f6ser<br>Doch ausschalten macht gelassen<\/p>\n","protected":false},"excerpt":{"rendered":"<p>Im Waldboden im warmen Braunlagen sie &#8211;Drei Eicheln frisch jung und kraftvollIn alle Richtungen zeigen \u2013 und doch verbundenSelbst und gemeinsamF\u00fcreinander daEin Potential f\u00fcr noch mehrWeiter gehend&nbsp; &#8211; \u00fcberzeugend &nbsp;&#8211; lebendig Was steckt in Euch drei? Neuer Wald?&nbsp;&nbsp;&nbsp;&nbsp;&nbsp;&nbsp;&nbsp;&nbsp;&nbsp;&nbsp;&nbsp;&nbsp;&nbsp;&nbsp;&nbsp;&nbsp;&nbsp;&nbsp;&nbsp;&nbsp;&nbsp;&nbsp;&nbsp;&nbsp;&nbsp;&nbsp; Gr\u00f6\u00dfe?&nbsp;&nbsp;&nbsp;&nbsp;&nbsp;&nbsp;&nbsp;&nbsp;&nbsp;&nbsp;&nbsp;&nbsp;&nbsp;&nbsp;&nbsp;&nbsp;&nbsp;&nbsp;&nbsp;&nbsp;&nbsp;&nbsp;&nbsp;&nbsp;&nbsp;&nbsp;&nbsp;&nbsp;&nbsp;&nbsp;&nbsp;&nbsp;&nbsp;&nbsp;&nbsp;&nbsp;&nbsp;&nbsp;&nbsp;&nbsp;&nbsp;&nbsp;&nbsp;&nbsp;&nbsp;&nbsp; Kraft? Eichen: lange lebend \u2013 widerstandsf\u00e4hig, best\u00e4ndigIch vertraue in :eure Zukunft &#8211;&nbsp; euer LebenEUCH Auf dem &hellip; <a href=\"https:\/\/nilsgruetzner.de\/?page_id=1151\" class=\"more-link\"><span class=\"screen-reader-text\">\u201elyriktexte\u201c <\/span>weiterlesen<\/a><\/p>\n","protected":false},"author":1,"featured_media":0,"parent":0,"menu_order":0,"comment_status":"closed","ping_status":"closed","template":"","meta":{"footnotes":""},"class_list":["post-1151","page","type-page","status-publish","hentry"],"jetpack-related-posts":[],"jetpack_likes_enabled":true,"jetpack_sharing_enabled":true,"_links":{"self":[{"href":"https:\/\/nilsgruetzner.de\/index.php?rest_route=\/wp\/v2\/pages\/1151","targetHints":{"allow":["GET"]}}],"collection":[{"href":"https:\/\/nilsgruetzner.de\/index.php?rest_route=\/wp\/v2\/pages"}],"about":[{"href":"https:\/\/nilsgruetzner.de\/index.php?rest_route=\/wp\/v2\/types\/page"}],"author":[{"embeddable":true,"href":"https:\/\/nilsgruetzner.de\/index.php?rest_route=\/wp\/v2\/users\/1"}],"replies":[{"embeddable":true,"href":"https:\/\/nilsgruetzner.de\/index.php?rest_route=%2Fwp%2Fv2%2Fcomments&post=1151"}],"version-history":[{"count":4,"href":"https:\/\/nilsgruetzner.de\/index.php?rest_route=\/wp\/v2\/pages\/1151\/revisions"}],"predecessor-version":[{"id":1264,"href":"https:\/\/nilsgruetzner.de\/index.php?rest_route=\/wp\/v2\/pages\/1151\/revisions\/1264"}],"wp:attachment":[{"href":"https:\/\/nilsgruetzner.de\/index.php?rest_route=%2Fwp%2Fv2%2Fmedia&parent=1151"}],"curies":[{"name":"wp","href":"https:\/\/api.w.org\/{rel}","templated":true}]}}