{"id":1207,"date":"2025-04-29T21:15:18","date_gmt":"2025-04-29T21:15:18","guid":{"rendered":"https:\/\/nilsgruetzner.de\/?page_id=1207"},"modified":"2025-04-29T21:16:28","modified_gmt":"2025-04-29T21:16:28","slug":"geh-danken-gang","status":"publish","type":"page","link":"https:\/\/nilsgruetzner.de\/?page_id=1207","title":{"rendered":"Geh-Danken-Gang"},"content":{"rendered":"\n<figure class=\"wp-block-image size-large\"><img data-recalc-dims=\"1\" loading=\"lazy\" decoding=\"async\" width=\"840\" height=\"840\" src=\"https:\/\/i0.wp.com\/nilsgruetzner.de\/wp-content\/uploads\/2025\/04\/Geh-Danken-Gang-2-1024x1024.jpg?resize=840%2C840&#038;ssl=1\" alt=\"\" class=\"wp-image-1208\" srcset=\"https:\/\/i0.wp.com\/nilsgruetzner.de\/wp-content\/uploads\/2025\/04\/Geh-Danken-Gang-2.jpg?resize=1024%2C1024&amp;ssl=1 1024w, https:\/\/i0.wp.com\/nilsgruetzner.de\/wp-content\/uploads\/2025\/04\/Geh-Danken-Gang-2.jpg?resize=300%2C300&amp;ssl=1 300w, https:\/\/i0.wp.com\/nilsgruetzner.de\/wp-content\/uploads\/2025\/04\/Geh-Danken-Gang-2.jpg?resize=150%2C150&amp;ssl=1 150w, https:\/\/i0.wp.com\/nilsgruetzner.de\/wp-content\/uploads\/2025\/04\/Geh-Danken-Gang-2.jpg?resize=768%2C768&amp;ssl=1 768w, https:\/\/i0.wp.com\/nilsgruetzner.de\/wp-content\/uploads\/2025\/04\/Geh-Danken-Gang-2.jpg?resize=1536%2C1536&amp;ssl=1 1536w, https:\/\/i0.wp.com\/nilsgruetzner.de\/wp-content\/uploads\/2025\/04\/Geh-Danken-Gang-2.jpg?resize=1200%2C1200&amp;ssl=1 1200w, https:\/\/i0.wp.com\/nilsgruetzner.de\/wp-content\/uploads\/2025\/04\/Geh-Danken-Gang-2.jpg?w=1620&amp;ssl=1 1620w\" sizes=\"auto, (max-width: 709px) 85vw, (max-width: 909px) 67vw, (max-width: 1362px) 62vw, 840px\" \/><\/figure>\n\n\n\n<p><strong>Am 8. Mai 1945 kapitulierte die deutsche Armee und der 2. Weltkrieg endete. Seitdem erlebt Zentraleuropa 80 Jahren Frieden. Hierf\u00fcr wollen wir an verschiedenen Stationen danken.&nbsp;<\/strong><\/p>\n\n\n\n<p><strong>Beginn ist in Kirkel-Neuh\u00e4usel um 18.00 Uhr vor dem Freibad Eingang Goethestra\u00dfe und enden wird der Rundgang in der Friedenskirche mit einer Friedensandacht gegen 20.00 Uhr.<\/strong><\/p>\n\n\n\n<p><strong>Vor 80 Jahren endete der 2. Weltkrieg. Der Krieg der mehr als einen ganzen Kontinent in Flammen gesetzt hat endete. Die Alliierten, Amerika, Russland, Gro\u00dfbritannien und Frankreich waren die Siegem\u00e4chte.<\/strong><\/p>\n\n\n\n<p><strong>Aber gewonnen hatte diesen Krieg niemand, wie nie jemals ein Krieg gewonnen wurde.<\/strong><\/p>\n\n\n\n<p><strong>Jeder Krieg bringt unendliches Leid und Trauer f\u00fcr alle Beteiligten, die ukrainischen wie die russischen M\u00fctter und Kinder von Soldaten oder in Nah-Ost in Syrien, Israel, Pal\u00e4stina, all die Zivilisten, die in den Wirren der Kriege sterben oder die fl\u00fcchten m\u00fcssen um zu \u00dcberleben. All dies kennen wir aus den Nachrichten und den Zeitungen.<\/strong><\/p>\n\n\n\n<p><strong>Was aber nicht in den Zeitungen steht ist der Frieden.<\/strong><\/p>\n\n\n\n<p><strong>Deutschland ist trotz aller Bedrohung und Krisen ein Land im Frieden und dies seit 80 Jahren. Das ist das wahre Wunder Europas. Frankreich unser direkter Nachbar ist unser Freund.<\/strong><\/p>\n\n\n\n<p><strong>Menschen leben und arbeiten auf dieser und jener Seite der Grenze. Die Grenze ist ein Pfahl mitten im Acker, kein Zaun, kein Stacheldraht, keine Mauer wie zu Zeiten des kalten Krieges.<\/strong><\/p>\n\n\n\n<p><strong>Trotzdem sind auch die Zeugnisse von damals bei uns zu finden. Aber sie sind \u201eversteckt\u201c, neue Geschichten sind mit ihnen verbunden und verdecken die anderen.<\/strong><\/p>\n\n\n\n<p><strong>Bei unserem Geh-Danken-Gang wollen wir an diese Orte gehen, danken und beten, dass wir in den letzten 80 Jahren den Weg des Friedens gegangen sind. Dass wir nicht das Trennende, das Nationale, das Lecken der Wunden gepflegt haben, sondern aufeinander zugegangen sind und gemeinsam ein friedliches Europa aufgebaut haben.<\/strong><\/p>\n\n\n\n<p><strong>M\u00f6gen wir darum beten, dass es uns gelingt auch in Zukunft ein Europa des Friedens, der Verst\u00e4ndigung und der Solidarit\u00e4t zu den Menschen zu haben.<\/strong><\/p>\n\n\n\n<p><strong>Darum m\u00f6chten wir mit allen, die m\u00f6chten, diesen Geh-Danken-Gang begehen.<\/strong><\/p>\n\n\n\n<p><\/p>\n","protected":false},"excerpt":{"rendered":"<p>Am 8. Mai 1945 kapitulierte die deutsche Armee und der 2. Weltkrieg endete. Seitdem erlebt Zentraleuropa 80 Jahren Frieden. Hierf\u00fcr wollen wir an verschiedenen Stationen danken.&nbsp; Beginn ist in Kirkel-Neuh\u00e4usel um 18.00 Uhr vor dem Freibad Eingang Goethestra\u00dfe und enden wird der Rundgang in der Friedenskirche mit einer Friedensandacht gegen 20.00 Uhr. Vor 80 Jahren &hellip; <a href=\"https:\/\/nilsgruetzner.de\/?page_id=1207\" class=\"more-link\"><span class=\"screen-reader-text\">\u201eGeh-Danken-Gang\u201c <\/span>weiterlesen<\/a><\/p>\n","protected":false},"author":1,"featured_media":0,"parent":0,"menu_order":0,"comment_status":"closed","ping_status":"closed","template":"","meta":{"footnotes":""},"class_list":["post-1207","page","type-page","status-publish","hentry"],"jetpack-related-posts":[],"jetpack_likes_enabled":true,"jetpack_sharing_enabled":true,"_links":{"self":[{"href":"https:\/\/nilsgruetzner.de\/index.php?rest_route=\/wp\/v2\/pages\/1207","targetHints":{"allow":["GET"]}}],"collection":[{"href":"https:\/\/nilsgruetzner.de\/index.php?rest_route=\/wp\/v2\/pages"}],"about":[{"href":"https:\/\/nilsgruetzner.de\/index.php?rest_route=\/wp\/v2\/types\/page"}],"author":[{"embeddable":true,"href":"https:\/\/nilsgruetzner.de\/index.php?rest_route=\/wp\/v2\/users\/1"}],"replies":[{"embeddable":true,"href":"https:\/\/nilsgruetzner.de\/index.php?rest_route=%2Fwp%2Fv2%2Fcomments&post=1207"}],"version-history":[{"count":2,"href":"https:\/\/nilsgruetzner.de\/index.php?rest_route=\/wp\/v2\/pages\/1207\/revisions"}],"predecessor-version":[{"id":1211,"href":"https:\/\/nilsgruetzner.de\/index.php?rest_route=\/wp\/v2\/pages\/1207\/revisions\/1211"}],"wp:attachment":[{"href":"https:\/\/nilsgruetzner.de\/index.php?rest_route=%2Fwp%2Fv2%2Fmedia&parent=1207"}],"curies":[{"name":"wp","href":"https:\/\/api.w.org\/{rel}","templated":true}]}}