{"id":386,"date":"2021-03-15T16:42:35","date_gmt":"2021-03-15T16:42:35","guid":{"rendered":"http:\/\/nilsgruetzner.de\/?page_id=386"},"modified":"2022-11-07T09:29:10","modified_gmt":"2022-11-07T09:29:10","slug":"paradiesgartenweg","status":"publish","type":"page","link":"https:\/\/nilsgruetzner.de\/?page_id=386","title":{"rendered":"Paradiesgartenweg"},"content":{"rendered":"\n<p>06.03.2021 Einen sch\u00f6nen Sonntagsgang an der Grenze zu Frankreich. Der Paradiesgartenweg ist ein sehr sch\u00f6n ausgeschilderter Premiumwanderweg mit Start und Ende in Horbach bei Zweibr\u00fccken.<\/p>\n\n\n\n<figure class=\"wp-block-gallery has-nested-images columns-default is-cropped wp-block-gallery-1 is-layout-flex wp-block-gallery-is-layout-flex\">\n<figure class=\"wp-block-image size-large\"><img data-recalc-dims=\"1\" loading=\"lazy\" decoding=\"async\" width=\"840\" height=\"1493\" data-id=\"365\" src=\"https:\/\/i0.wp.com\/nilsgruetzner.de\/wp-content\/uploads\/2021\/03\/20210307_1125385247846622437525-scaled.jpg?resize=840%2C1493\" alt=\"\" class=\"wp-image-365\" srcset=\"https:\/\/i0.wp.com\/nilsgruetzner.de\/wp-content\/uploads\/2021\/03\/20210307_1125385247846622437525-scaled.jpg?w=1440&amp;ssl=1 1440w, https:\/\/i0.wp.com\/nilsgruetzner.de\/wp-content\/uploads\/2021\/03\/20210307_1125385247846622437525-scaled.jpg?resize=169%2C300&amp;ssl=1 169w, https:\/\/i0.wp.com\/nilsgruetzner.de\/wp-content\/uploads\/2021\/03\/20210307_1125385247846622437525-scaled.jpg?resize=768%2C1365&amp;ssl=1 768w, https:\/\/i0.wp.com\/nilsgruetzner.de\/wp-content\/uploads\/2021\/03\/20210307_1125385247846622437525-scaled.jpg?resize=864%2C1536&amp;ssl=1 864w, https:\/\/i0.wp.com\/nilsgruetzner.de\/wp-content\/uploads\/2021\/03\/20210307_1125385247846622437525-scaled.jpg?resize=1152%2C2048&amp;ssl=1 1152w, https:\/\/i0.wp.com\/nilsgruetzner.de\/wp-content\/uploads\/2021\/03\/20210307_1125385247846622437525-scaled.jpg?resize=1200%2C2133&amp;ssl=1 1200w\" sizes=\"auto, (max-width: 709px) 85vw, (max-width: 909px) 67vw, (max-width: 1362px) 62vw, 840px\" \/><\/figure>\n\n\n\n<figure class=\"wp-block-image size-large\"><img data-recalc-dims=\"1\" loading=\"lazy\" decoding=\"async\" width=\"840\" height=\"473\" data-id=\"368\" src=\"https:\/\/i0.wp.com\/nilsgruetzner.de\/wp-content\/uploads\/2021\/03\/20210307_112741-scaled.jpg?resize=840%2C473\" alt=\"\" class=\"wp-image-368\" srcset=\"https:\/\/i0.wp.com\/nilsgruetzner.de\/wp-content\/uploads\/2021\/03\/20210307_112741-scaled.jpg?w=2560&amp;ssl=1 2560w, https:\/\/i0.wp.com\/nilsgruetzner.de\/wp-content\/uploads\/2021\/03\/20210307_112741-scaled.jpg?resize=300%2C169&amp;ssl=1 300w, https:\/\/i0.wp.com\/nilsgruetzner.de\/wp-content\/uploads\/2021\/03\/20210307_112741-scaled.jpg?resize=768%2C432&amp;ssl=1 768w, https:\/\/i0.wp.com\/nilsgruetzner.de\/wp-content\/uploads\/2021\/03\/20210307_112741-scaled.jpg?resize=1536%2C864&amp;ssl=1 1536w, https:\/\/i0.wp.com\/nilsgruetzner.de\/wp-content\/uploads\/2021\/03\/20210307_112741-scaled.jpg?resize=2048%2C1152&amp;ssl=1 2048w, https:\/\/i0.wp.com\/nilsgruetzner.de\/wp-content\/uploads\/2021\/03\/20210307_112741-scaled.jpg?w=1680 1680w\" sizes=\"auto, (max-width: 709px) 85vw, (max-width: 909px) 67vw, (max-width: 1362px) 62vw, 840px\" \/><\/figure>\n\n\n\n<figure class=\"wp-block-image size-large\"><img data-recalc-dims=\"1\" loading=\"lazy\" decoding=\"async\" width=\"840\" height=\"473\" data-id=\"366\" src=\"https:\/\/i0.wp.com\/nilsgruetzner.de\/wp-content\/uploads\/2021\/03\/20210307_120505-scaled.jpg?resize=840%2C473\" alt=\"\" class=\"wp-image-366\" srcset=\"https:\/\/i0.wp.com\/nilsgruetzner.de\/wp-content\/uploads\/2021\/03\/20210307_120505-scaled.jpg?w=2560&amp;ssl=1 2560w, https:\/\/i0.wp.com\/nilsgruetzner.de\/wp-content\/uploads\/2021\/03\/20210307_120505-scaled.jpg?resize=300%2C169&amp;ssl=1 300w, https:\/\/i0.wp.com\/nilsgruetzner.de\/wp-content\/uploads\/2021\/03\/20210307_120505-scaled.jpg?resize=768%2C432&amp;ssl=1 768w, https:\/\/i0.wp.com\/nilsgruetzner.de\/wp-content\/uploads\/2021\/03\/20210307_120505-scaled.jpg?resize=1536%2C864&amp;ssl=1 1536w, https:\/\/i0.wp.com\/nilsgruetzner.de\/wp-content\/uploads\/2021\/03\/20210307_120505-scaled.jpg?resize=2048%2C1152&amp;ssl=1 2048w, https:\/\/i0.wp.com\/nilsgruetzner.de\/wp-content\/uploads\/2021\/03\/20210307_120505-scaled.jpg?w=1680 1680w\" sizes=\"auto, (max-width: 709px) 85vw, (max-width: 909px) 67vw, (max-width: 1362px) 62vw, 840px\" \/><\/figure>\n\n\n\n<figure class=\"wp-block-image size-large\"><img data-recalc-dims=\"1\" loading=\"lazy\" decoding=\"async\" width=\"840\" height=\"473\" data-id=\"367\" src=\"https:\/\/i0.wp.com\/nilsgruetzner.de\/wp-content\/uploads\/2021\/03\/20210307_124245-scaled.jpg?resize=840%2C473\" alt=\"\" class=\"wp-image-367\" srcset=\"https:\/\/i0.wp.com\/nilsgruetzner.de\/wp-content\/uploads\/2021\/03\/20210307_124245-scaled.jpg?w=2560&amp;ssl=1 2560w, https:\/\/i0.wp.com\/nilsgruetzner.de\/wp-content\/uploads\/2021\/03\/20210307_124245-scaled.jpg?resize=300%2C169&amp;ssl=1 300w, https:\/\/i0.wp.com\/nilsgruetzner.de\/wp-content\/uploads\/2021\/03\/20210307_124245-scaled.jpg?resize=768%2C432&amp;ssl=1 768w, https:\/\/i0.wp.com\/nilsgruetzner.de\/wp-content\/uploads\/2021\/03\/20210307_124245-scaled.jpg?resize=1536%2C864&amp;ssl=1 1536w, https:\/\/i0.wp.com\/nilsgruetzner.de\/wp-content\/uploads\/2021\/03\/20210307_124245-scaled.jpg?resize=2048%2C1152&amp;ssl=1 2048w, https:\/\/i0.wp.com\/nilsgruetzner.de\/wp-content\/uploads\/2021\/03\/20210307_124245-scaled.jpg?resize=1200%2C675&amp;ssl=1 1200w, https:\/\/i0.wp.com\/nilsgruetzner.de\/wp-content\/uploads\/2021\/03\/20210307_124245-scaled.jpg?w=1680 1680w\" sizes=\"auto, (max-width: 709px) 85vw, (max-width: 909px) 67vw, (max-width: 1362px) 62vw, 840px\" \/><\/figure>\n\n\n\n<figure class=\"wp-block-image size-large\"><img data-recalc-dims=\"1\" loading=\"lazy\" decoding=\"async\" width=\"840\" height=\"473\" data-id=\"372\" src=\"https:\/\/i0.wp.com\/nilsgruetzner.de\/wp-content\/uploads\/2021\/03\/20210307_130820.jpg?resize=840%2C473\" alt=\"\" class=\"wp-image-372\" srcset=\"https:\/\/i0.wp.com\/nilsgruetzner.de\/wp-content\/uploads\/2021\/03\/20210307_130820-scaled.jpg?resize=1024%2C576&amp;ssl=1 1024w, https:\/\/i0.wp.com\/nilsgruetzner.de\/wp-content\/uploads\/2021\/03\/20210307_130820-scaled.jpg?resize=300%2C169&amp;ssl=1 300w, https:\/\/i0.wp.com\/nilsgruetzner.de\/wp-content\/uploads\/2021\/03\/20210307_130820-scaled.jpg?resize=768%2C432&amp;ssl=1 768w, https:\/\/i0.wp.com\/nilsgruetzner.de\/wp-content\/uploads\/2021\/03\/20210307_130820-scaled.jpg?resize=1536%2C864&amp;ssl=1 1536w, https:\/\/i0.wp.com\/nilsgruetzner.de\/wp-content\/uploads\/2021\/03\/20210307_130820-scaled.jpg?resize=2048%2C1152&amp;ssl=1 2048w, https:\/\/i0.wp.com\/nilsgruetzner.de\/wp-content\/uploads\/2021\/03\/20210307_130820-scaled.jpg?resize=1200%2C675&amp;ssl=1 1200w, https:\/\/i0.wp.com\/nilsgruetzner.de\/wp-content\/uploads\/2021\/03\/20210307_130820-scaled.jpg?w=1680 1680w, https:\/\/i0.wp.com\/nilsgruetzner.de\/wp-content\/uploads\/2021\/03\/20210307_130820-scaled.jpg?w=2520 2520w\" sizes=\"auto, (max-width: 709px) 85vw, (max-width: 909px) 67vw, (max-width: 1362px) 62vw, 840px\" \/><\/figure>\n\n\n\n<figure class=\"wp-block-image size-large\"><img data-recalc-dims=\"1\" loading=\"lazy\" decoding=\"async\" width=\"840\" height=\"473\" data-id=\"371\" src=\"https:\/\/i0.wp.com\/nilsgruetzner.de\/wp-content\/uploads\/2021\/03\/20210307_134232.jpg?resize=840%2C473\" alt=\"\" class=\"wp-image-371\" srcset=\"https:\/\/i0.wp.com\/nilsgruetzner.de\/wp-content\/uploads\/2021\/03\/20210307_134232-scaled.jpg?resize=1024%2C576&amp;ssl=1 1024w, https:\/\/i0.wp.com\/nilsgruetzner.de\/wp-content\/uploads\/2021\/03\/20210307_134232-scaled.jpg?resize=300%2C169&amp;ssl=1 300w, https:\/\/i0.wp.com\/nilsgruetzner.de\/wp-content\/uploads\/2021\/03\/20210307_134232-scaled.jpg?resize=768%2C432&amp;ssl=1 768w, https:\/\/i0.wp.com\/nilsgruetzner.de\/wp-content\/uploads\/2021\/03\/20210307_134232-scaled.jpg?resize=1536%2C864&amp;ssl=1 1536w, https:\/\/i0.wp.com\/nilsgruetzner.de\/wp-content\/uploads\/2021\/03\/20210307_134232-scaled.jpg?resize=2048%2C1152&amp;ssl=1 2048w, https:\/\/i0.wp.com\/nilsgruetzner.de\/wp-content\/uploads\/2021\/03\/20210307_134232-scaled.jpg?resize=1200%2C675&amp;ssl=1 1200w, https:\/\/i0.wp.com\/nilsgruetzner.de\/wp-content\/uploads\/2021\/03\/20210307_134232-scaled.jpg?w=1680 1680w, https:\/\/i0.wp.com\/nilsgruetzner.de\/wp-content\/uploads\/2021\/03\/20210307_134232-scaled.jpg?w=2520 2520w\" sizes=\"auto, (max-width: 709px) 85vw, (max-width: 909px) 67vw, (max-width: 1362px) 62vw, 840px\" \/><\/figure>\n\n\n\n<figure class=\"wp-block-image size-large\"><img data-recalc-dims=\"1\" loading=\"lazy\" decoding=\"async\" width=\"840\" height=\"473\" data-id=\"369\" src=\"https:\/\/i0.wp.com\/nilsgruetzner.de\/wp-content\/uploads\/2021\/03\/20210307_140332-scaled.jpg?resize=840%2C473\" alt=\"\" class=\"wp-image-369\" srcset=\"https:\/\/i0.wp.com\/nilsgruetzner.de\/wp-content\/uploads\/2021\/03\/20210307_140332-scaled.jpg?w=2560&amp;ssl=1 2560w, https:\/\/i0.wp.com\/nilsgruetzner.de\/wp-content\/uploads\/2021\/03\/20210307_140332-scaled.jpg?resize=300%2C169&amp;ssl=1 300w, https:\/\/i0.wp.com\/nilsgruetzner.de\/wp-content\/uploads\/2021\/03\/20210307_140332-scaled.jpg?resize=768%2C432&amp;ssl=1 768w, https:\/\/i0.wp.com\/nilsgruetzner.de\/wp-content\/uploads\/2021\/03\/20210307_140332-scaled.jpg?resize=1536%2C864&amp;ssl=1 1536w, https:\/\/i0.wp.com\/nilsgruetzner.de\/wp-content\/uploads\/2021\/03\/20210307_140332-scaled.jpg?resize=2048%2C1152&amp;ssl=1 2048w, https:\/\/i0.wp.com\/nilsgruetzner.de\/wp-content\/uploads\/2021\/03\/20210307_140332-scaled.jpg?w=1680 1680w\" sizes=\"auto, (max-width: 709px) 85vw, (max-width: 909px) 67vw, (max-width: 1362px) 62vw, 840px\" \/><\/figure>\n\n\n\n<figure class=\"wp-block-image size-large\"><img data-recalc-dims=\"1\" loading=\"lazy\" decoding=\"async\" width=\"840\" height=\"473\" data-id=\"370\" src=\"https:\/\/i0.wp.com\/nilsgruetzner.de\/wp-content\/uploads\/2021\/03\/20210307_150936.jpg?resize=840%2C473\" alt=\"\" class=\"wp-image-370\" srcset=\"https:\/\/i0.wp.com\/nilsgruetzner.de\/wp-content\/uploads\/2021\/03\/20210307_150936-scaled.jpg?resize=1024%2C576&amp;ssl=1 1024w, https:\/\/i0.wp.com\/nilsgruetzner.de\/wp-content\/uploads\/2021\/03\/20210307_150936-scaled.jpg?resize=300%2C169&amp;ssl=1 300w, https:\/\/i0.wp.com\/nilsgruetzner.de\/wp-content\/uploads\/2021\/03\/20210307_150936-scaled.jpg?resize=768%2C432&amp;ssl=1 768w, https:\/\/i0.wp.com\/nilsgruetzner.de\/wp-content\/uploads\/2021\/03\/20210307_150936-scaled.jpg?resize=1536%2C864&amp;ssl=1 1536w, https:\/\/i0.wp.com\/nilsgruetzner.de\/wp-content\/uploads\/2021\/03\/20210307_150936-scaled.jpg?resize=2048%2C1152&amp;ssl=1 2048w, https:\/\/i0.wp.com\/nilsgruetzner.de\/wp-content\/uploads\/2021\/03\/20210307_150936-scaled.jpg?resize=1200%2C675&amp;ssl=1 1200w, https:\/\/i0.wp.com\/nilsgruetzner.de\/wp-content\/uploads\/2021\/03\/20210307_150936-scaled.jpg?w=1680 1680w, https:\/\/i0.wp.com\/nilsgruetzner.de\/wp-content\/uploads\/2021\/03\/20210307_150936-scaled.jpg?w=2520 2520w\" sizes=\"auto, (max-width: 709px) 85vw, (max-width: 909px) 67vw, (max-width: 1362px) 62vw, 840px\" \/><\/figure>\n<\/figure>\n\n\n\n<p>Besonders sch\u00f6n waren die fantastischen&nbsp; Aussichtspunkte und die vielen Sitzb\u00e4nke die am Weg zu finden sind. <\/p>\n\n\n\n<figure class=\"wp-block-gallery has-nested-images columns-default is-cropped wp-block-gallery-2 is-layout-flex wp-block-gallery-is-layout-flex\">\n<figure class=\"wp-block-image size-large\"><img data-recalc-dims=\"1\" loading=\"lazy\" decoding=\"async\" width=\"768\" height=\"1024\" data-id=\"373\" src=\"https:\/\/i0.wp.com\/nilsgruetzner.de\/wp-content\/uploads\/2021\/03\/IMG-20210307-WA0038.jpg?resize=768%2C1024\" alt=\"\" class=\"wp-image-373\" srcset=\"https:\/\/i0.wp.com\/nilsgruetzner.de\/wp-content\/uploads\/2021\/03\/IMG-20210307-WA0038.jpg?resize=768%2C1024&amp;ssl=1 768w, https:\/\/i0.wp.com\/nilsgruetzner.de\/wp-content\/uploads\/2021\/03\/IMG-20210307-WA0038.jpg?resize=225%2C300&amp;ssl=1 225w, https:\/\/i0.wp.com\/nilsgruetzner.de\/wp-content\/uploads\/2021\/03\/IMG-20210307-WA0038.jpg?resize=1152%2C1536&amp;ssl=1 1152w, https:\/\/i0.wp.com\/nilsgruetzner.de\/wp-content\/uploads\/2021\/03\/IMG-20210307-WA0038.jpg?w=1200&amp;ssl=1 1200w\" sizes=\"auto, (max-width: 768px) 85vw, 768px\" \/><\/figure>\n\n\n\n<figure class=\"wp-block-image size-large\"><img data-recalc-dims=\"1\" loading=\"lazy\" decoding=\"async\" width=\"840\" height=\"473\" data-id=\"375\" src=\"https:\/\/i0.wp.com\/nilsgruetzner.de\/wp-content\/uploads\/2021\/03\/20210307_140441-scaled.jpg?resize=840%2C473\" alt=\"\" class=\"wp-image-375\" srcset=\"https:\/\/i0.wp.com\/nilsgruetzner.de\/wp-content\/uploads\/2021\/03\/20210307_140441-scaled.jpg?w=2560&amp;ssl=1 2560w, https:\/\/i0.wp.com\/nilsgruetzner.de\/wp-content\/uploads\/2021\/03\/20210307_140441-scaled.jpg?resize=300%2C169&amp;ssl=1 300w, https:\/\/i0.wp.com\/nilsgruetzner.de\/wp-content\/uploads\/2021\/03\/20210307_140441-scaled.jpg?resize=768%2C432&amp;ssl=1 768w, https:\/\/i0.wp.com\/nilsgruetzner.de\/wp-content\/uploads\/2021\/03\/20210307_140441-scaled.jpg?resize=1536%2C864&amp;ssl=1 1536w, https:\/\/i0.wp.com\/nilsgruetzner.de\/wp-content\/uploads\/2021\/03\/20210307_140441-scaled.jpg?resize=2048%2C1152&amp;ssl=1 2048w, https:\/\/i0.wp.com\/nilsgruetzner.de\/wp-content\/uploads\/2021\/03\/20210307_140441-scaled.jpg?w=1680 1680w\" sizes=\"auto, (max-width: 709px) 85vw, (max-width: 909px) 67vw, (max-width: 1362px) 62vw, 840px\" \/><\/figure>\n\n\n\n<figure class=\"wp-block-image size-large\"><img data-recalc-dims=\"1\" loading=\"lazy\" decoding=\"async\" width=\"840\" height=\"630\" data-id=\"377\" src=\"https:\/\/i0.wp.com\/nilsgruetzner.de\/wp-content\/uploads\/2021\/03\/20210307_133046_01-scaled.jpg?resize=840%2C630\" alt=\"\" class=\"wp-image-377\" srcset=\"https:\/\/i0.wp.com\/nilsgruetzner.de\/wp-content\/uploads\/2021\/03\/20210307_133046_01-scaled.jpg?w=2560&amp;ssl=1 2560w, https:\/\/i0.wp.com\/nilsgruetzner.de\/wp-content\/uploads\/2021\/03\/20210307_133046_01-scaled.jpg?resize=300%2C225&amp;ssl=1 300w, https:\/\/i0.wp.com\/nilsgruetzner.de\/wp-content\/uploads\/2021\/03\/20210307_133046_01-scaled.jpg?resize=768%2C576&amp;ssl=1 768w, https:\/\/i0.wp.com\/nilsgruetzner.de\/wp-content\/uploads\/2021\/03\/20210307_133046_01-scaled.jpg?resize=1536%2C1152&amp;ssl=1 1536w, https:\/\/i0.wp.com\/nilsgruetzner.de\/wp-content\/uploads\/2021\/03\/20210307_133046_01-scaled.jpg?w=1680 1680w\" sizes=\"auto, (max-width: 709px) 85vw, (max-width: 909px) 67vw, (max-width: 1362px) 62vw, 840px\" \/><\/figure>\n\n\n\n<figure class=\"wp-block-image size-large\"><img data-recalc-dims=\"1\" loading=\"lazy\" decoding=\"async\" width=\"840\" height=\"473\" data-id=\"374\" src=\"https:\/\/i0.wp.com\/nilsgruetzner.de\/wp-content\/uploads\/2021\/03\/1615116546281.jpg?resize=840%2C473\" alt=\"\" class=\"wp-image-374\" srcset=\"https:\/\/i0.wp.com\/nilsgruetzner.de\/wp-content\/uploads\/2021\/03\/1615116546281.jpg?resize=1024%2C576&amp;ssl=1 1024w, https:\/\/i0.wp.com\/nilsgruetzner.de\/wp-content\/uploads\/2021\/03\/1615116546281.jpg?resize=300%2C169&amp;ssl=1 300w, https:\/\/i0.wp.com\/nilsgruetzner.de\/wp-content\/uploads\/2021\/03\/1615116546281.jpg?resize=768%2C432&amp;ssl=1 768w, https:\/\/i0.wp.com\/nilsgruetzner.de\/wp-content\/uploads\/2021\/03\/1615116546281.jpg?resize=1536%2C864&amp;ssl=1 1536w, https:\/\/i0.wp.com\/nilsgruetzner.de\/wp-content\/uploads\/2021\/03\/1615116546281.jpg?resize=1200%2C675&amp;ssl=1 1200w, https:\/\/i0.wp.com\/nilsgruetzner.de\/wp-content\/uploads\/2021\/03\/1615116546281.jpg?w=2016&amp;ssl=1 2016w, https:\/\/i0.wp.com\/nilsgruetzner.de\/wp-content\/uploads\/2021\/03\/1615116546281.jpg?w=1680 1680w\" sizes=\"auto, (max-width: 709px) 85vw, (max-width: 909px) 67vw, (max-width: 1362px) 62vw, 840px\" \/><\/figure>\n\n\n\n<figure class=\"wp-block-image size-large\"><img data-recalc-dims=\"1\" loading=\"lazy\" decoding=\"async\" width=\"840\" height=\"473\" data-id=\"378\" src=\"https:\/\/i0.wp.com\/nilsgruetzner.de\/wp-content\/uploads\/2021\/03\/20210307_114455-scaled.jpg?resize=840%2C473\" alt=\"\" class=\"wp-image-378\" srcset=\"https:\/\/i0.wp.com\/nilsgruetzner.de\/wp-content\/uploads\/2021\/03\/20210307_114455-scaled.jpg?w=2560&amp;ssl=1 2560w, https:\/\/i0.wp.com\/nilsgruetzner.de\/wp-content\/uploads\/2021\/03\/20210307_114455-scaled.jpg?resize=300%2C169&amp;ssl=1 300w, https:\/\/i0.wp.com\/nilsgruetzner.de\/wp-content\/uploads\/2021\/03\/20210307_114455-scaled.jpg?resize=768%2C432&amp;ssl=1 768w, https:\/\/i0.wp.com\/nilsgruetzner.de\/wp-content\/uploads\/2021\/03\/20210307_114455-scaled.jpg?resize=1536%2C864&amp;ssl=1 1536w, https:\/\/i0.wp.com\/nilsgruetzner.de\/wp-content\/uploads\/2021\/03\/20210307_114455-scaled.jpg?resize=2048%2C1152&amp;ssl=1 2048w, https:\/\/i0.wp.com\/nilsgruetzner.de\/wp-content\/uploads\/2021\/03\/20210307_114455-scaled.jpg?resize=1200%2C675&amp;ssl=1 1200w, https:\/\/i0.wp.com\/nilsgruetzner.de\/wp-content\/uploads\/2021\/03\/20210307_114455-scaled.jpg?w=1680 1680w\" sizes=\"auto, (max-width: 709px) 85vw, (max-width: 909px) 67vw, (max-width: 1362px) 62vw, 840px\" \/><\/figure>\n\n\n\n<figure class=\"wp-block-image size-large\"><img data-recalc-dims=\"1\" loading=\"lazy\" decoding=\"async\" width=\"840\" height=\"473\" data-id=\"376\" src=\"https:\/\/i0.wp.com\/nilsgruetzner.de\/wp-content\/uploads\/2021\/03\/20210307_120505-1-scaled.jpg?resize=840%2C473\" alt=\"\" class=\"wp-image-376\" srcset=\"https:\/\/i0.wp.com\/nilsgruetzner.de\/wp-content\/uploads\/2021\/03\/20210307_120505-1-scaled.jpg?w=2560&amp;ssl=1 2560w, https:\/\/i0.wp.com\/nilsgruetzner.de\/wp-content\/uploads\/2021\/03\/20210307_120505-1-scaled.jpg?resize=300%2C169&amp;ssl=1 300w, https:\/\/i0.wp.com\/nilsgruetzner.de\/wp-content\/uploads\/2021\/03\/20210307_120505-1-scaled.jpg?resize=768%2C432&amp;ssl=1 768w, https:\/\/i0.wp.com\/nilsgruetzner.de\/wp-content\/uploads\/2021\/03\/20210307_120505-1-scaled.jpg?resize=1536%2C864&amp;ssl=1 1536w, https:\/\/i0.wp.com\/nilsgruetzner.de\/wp-content\/uploads\/2021\/03\/20210307_120505-1-scaled.jpg?resize=2048%2C1152&amp;ssl=1 2048w, https:\/\/i0.wp.com\/nilsgruetzner.de\/wp-content\/uploads\/2021\/03\/20210307_120505-1-scaled.jpg?w=1680 1680w\" sizes=\"auto, (max-width: 709px) 85vw, (max-width: 909px) 67vw, (max-width: 1362px) 62vw, 840px\" \/><\/figure>\n<\/figure>\n\n\n\n<p>Gegen Ende der Wanderung verl\u00e4uft ein St\u00fcck des Weges auf franz\u00f6sischer Seite der Grenze. Sehr beeindruckend waren hierbei die Grenzsteine der Landesgrenze die hier quer durch einen gew\u00f6hnlichen Acker verl\u00e4uft. Diese Steine sind alles was von einer Landesgrenze \u00fcbrig blieb, sehr sch\u00f6n.<\/p>\n\n\n\n<figure class=\"wp-block-image size-large\"><img data-recalc-dims=\"1\" loading=\"lazy\" decoding=\"async\" width=\"840\" height=\"473\" src=\"https:\/\/i0.wp.com\/nilsgruetzner.de\/wp-content\/uploads\/2021\/03\/20210307_135818.jpg?resize=840%2C473\" alt=\"\" class=\"wp-image-381\" srcset=\"https:\/\/i0.wp.com\/nilsgruetzner.de\/wp-content\/uploads\/2021\/03\/20210307_135818-scaled.jpg?resize=1024%2C576&amp;ssl=1 1024w, https:\/\/i0.wp.com\/nilsgruetzner.de\/wp-content\/uploads\/2021\/03\/20210307_135818-scaled.jpg?resize=300%2C169&amp;ssl=1 300w, https:\/\/i0.wp.com\/nilsgruetzner.de\/wp-content\/uploads\/2021\/03\/20210307_135818-scaled.jpg?resize=768%2C432&amp;ssl=1 768w, https:\/\/i0.wp.com\/nilsgruetzner.de\/wp-content\/uploads\/2021\/03\/20210307_135818-scaled.jpg?resize=1536%2C864&amp;ssl=1 1536w, https:\/\/i0.wp.com\/nilsgruetzner.de\/wp-content\/uploads\/2021\/03\/20210307_135818-scaled.jpg?resize=2048%2C1152&amp;ssl=1 2048w, https:\/\/i0.wp.com\/nilsgruetzner.de\/wp-content\/uploads\/2021\/03\/20210307_135818-scaled.jpg?resize=1200%2C675&amp;ssl=1 1200w, https:\/\/i0.wp.com\/nilsgruetzner.de\/wp-content\/uploads\/2021\/03\/20210307_135818-scaled.jpg?w=1680 1680w, https:\/\/i0.wp.com\/nilsgruetzner.de\/wp-content\/uploads\/2021\/03\/20210307_135818-scaled.jpg?w=2520 2520w\" sizes=\"auto, (max-width: 709px) 85vw, (max-width: 909px) 67vw, (max-width: 1362px) 62vw, 840px\" \/><\/figure>\n\n\n\n<p>Der Wegeverlauf ist hier einsehbar:<\/p>\n\n\n\n<p><a href=\"https:\/\/www.komoot.de\/tour\/327545357?ref=atd\">https:\/\/www.komoot.de\/tour\/327545357?ref=atd<\/a><\/p>\n\n\n\n<p>N\u00e4heres zur Wegebeschreibung findet man hier: <a href=\"http:\/\/www.wanderarena.com\/paradiesgartenweg.html\">Wanderarena<\/a><\/p>\n\n\n\n<p><\/p>\n\n\n\n<div class=\"wp-block-columns is-layout-flex wp-container-core-columns-is-layout-9d6595d7 wp-block-columns-is-layout-flex\">\n<div class=\"wp-block-column is-layout-flow wp-block-column-is-layout-flow\" style=\"flex-basis:100%\"><\/div>\n<\/div>\n","protected":false},"excerpt":{"rendered":"<p>06.03.2021 Einen sch\u00f6nen Sonntagsgang an der Grenze zu Frankreich. Der Paradiesgartenweg ist ein sehr sch\u00f6n ausgeschilderter Premiumwanderweg mit Start und Ende in Horbach bei Zweibr\u00fccken. Besonders sch\u00f6n waren die fantastischen&nbsp; Aussichtspunkte und die vielen Sitzb\u00e4nke die am Weg zu finden sind. Gegen Ende der Wanderung verl\u00e4uft ein St\u00fcck des Weges auf franz\u00f6sischer Seite der Grenze. &hellip; <a href=\"https:\/\/nilsgruetzner.de\/?page_id=386\" class=\"more-link\"><span class=\"screen-reader-text\">\u201eParadiesgartenweg\u201c <\/span>weiterlesen<\/a><\/p>\n","protected":false},"author":1,"featured_media":0,"parent":492,"menu_order":0,"comment_status":"closed","ping_status":"closed","template":"","meta":{"footnotes":""},"class_list":["post-386","page","type-page","status-publish","hentry"],"jetpack-related-posts":[],"jetpack_likes_enabled":true,"jetpack_sharing_enabled":true,"_links":{"self":[{"href":"https:\/\/nilsgruetzner.de\/index.php?rest_route=\/wp\/v2\/pages\/386","targetHints":{"allow":["GET"]}}],"collection":[{"href":"https:\/\/nilsgruetzner.de\/index.php?rest_route=\/wp\/v2\/pages"}],"about":[{"href":"https:\/\/nilsgruetzner.de\/index.php?rest_route=\/wp\/v2\/types\/page"}],"author":[{"embeddable":true,"href":"https:\/\/nilsgruetzner.de\/index.php?rest_route=\/wp\/v2\/users\/1"}],"replies":[{"embeddable":true,"href":"https:\/\/nilsgruetzner.de\/index.php?rest_route=%2Fwp%2Fv2%2Fcomments&post=386"}],"version-history":[{"count":3,"href":"https:\/\/nilsgruetzner.de\/index.php?rest_route=\/wp\/v2\/pages\/386\/revisions"}],"predecessor-version":[{"id":495,"href":"https:\/\/nilsgruetzner.de\/index.php?rest_route=\/wp\/v2\/pages\/386\/revisions\/495"}],"up":[{"embeddable":true,"href":"https:\/\/nilsgruetzner.de\/index.php?rest_route=\/wp\/v2\/pages\/492"}],"wp:attachment":[{"href":"https:\/\/nilsgruetzner.de\/index.php?rest_route=%2Fwp%2Fv2%2Fmedia&parent=386"}],"curies":[{"name":"wp","href":"https:\/\/api.w.org\/{rel}","templated":true}]}}