{"id":418,"date":"2022-07-28T07:01:14","date_gmt":"2022-07-28T07:01:14","guid":{"rendered":"https:\/\/nilsgruetzner.de\/?page_id=418"},"modified":"2022-11-07T09:29:57","modified_gmt":"2022-11-07T09:29:57","slug":"projekt-sommer-2022","status":"publish","type":"page","link":"https:\/\/nilsgruetzner.de\/?page_id=418","title":{"rendered":"Projekt Sommer 2022"},"content":{"rendered":"\n<p>Dieses Jahr machen wir uns f\u00fcr 4 Wochen auf die Socken. wir versuchen unser Land von West nach Ost und von S\u00fcd nach Nord zu bereisen. In diesem Blog k\u00f6nnt ihr verfolgen wohin es uns schl\u00e4gt. Und was hier so erleben ich hoffe es macht euch Freude, uns auf unserer Reise zu begleiten.<\/p>\n\n\n\n<p>Hier der <a href=\"https:\/\/kirkel.blogspot.com\/\">Link <\/a>zur externen Blog Seite <\/p>\n\n\n\n<figure class=\"wp-block-image size-large\"><img data-recalc-dims=\"1\" loading=\"lazy\" decoding=\"async\" width=\"840\" height=\"630\" src=\"https:\/\/i0.wp.com\/nilsgruetzner.de\/wp-content\/uploads\/2022\/11\/20220823_181708.jpg?resize=840%2C630\" alt=\"\" class=\"wp-image-484\" srcset=\"https:\/\/i0.wp.com\/nilsgruetzner.de\/wp-content\/uploads\/2022\/11\/20220823_181708-scaled.jpg?resize=1024%2C768&amp;ssl=1 1024w, https:\/\/i0.wp.com\/nilsgruetzner.de\/wp-content\/uploads\/2022\/11\/20220823_181708-scaled.jpg?resize=300%2C225&amp;ssl=1 300w, https:\/\/i0.wp.com\/nilsgruetzner.de\/wp-content\/uploads\/2022\/11\/20220823_181708-scaled.jpg?resize=768%2C576&amp;ssl=1 768w, https:\/\/i0.wp.com\/nilsgruetzner.de\/wp-content\/uploads\/2022\/11\/20220823_181708-scaled.jpg?resize=1536%2C1152&amp;ssl=1 1536w, https:\/\/i0.wp.com\/nilsgruetzner.de\/wp-content\/uploads\/2022\/11\/20220823_181708-scaled.jpg?resize=2048%2C1536&amp;ssl=1 2048w, https:\/\/i0.wp.com\/nilsgruetzner.de\/wp-content\/uploads\/2022\/11\/20220823_181708-scaled.jpg?resize=1200%2C900&amp;ssl=1 1200w, https:\/\/i0.wp.com\/nilsgruetzner.de\/wp-content\/uploads\/2022\/11\/20220823_181708-scaled.jpg?w=1680 1680w, https:\/\/i0.wp.com\/nilsgruetzner.de\/wp-content\/uploads\/2022\/11\/20220823_181708-scaled.jpg?w=2520 2520w\" sizes=\"auto, (max-width: 709px) 85vw, (max-width: 909px) 67vw, (max-width: 1362px) 62vw, 840px\" \/><\/figure>\n","protected":false},"excerpt":{"rendered":"<p>Dieses Jahr machen wir uns f\u00fcr 4 Wochen auf die Socken. wir versuchen unser Land von West nach Ost und von S\u00fcd nach Nord zu bereisen. In diesem Blog k\u00f6nnt ihr verfolgen wohin es uns schl\u00e4gt. Und was hier so erleben ich hoffe es macht euch Freude, uns auf unserer Reise zu begleiten. Hier der &hellip; <a href=\"https:\/\/nilsgruetzner.de\/?page_id=418\" class=\"more-link\"><span class=\"screen-reader-text\">\u201eProjekt Sommer 2022\u201c <\/span>weiterlesen<\/a><\/p>\n","protected":false},"author":1,"featured_media":0,"parent":492,"menu_order":-1,"comment_status":"open","ping_status":"closed","template":"","meta":{"footnotes":""},"class_list":["post-418","page","type-page","status-publish","hentry"],"jetpack-related-posts":[],"jetpack_likes_enabled":true,"jetpack_sharing_enabled":true,"_links":{"self":[{"href":"https:\/\/nilsgruetzner.de\/index.php?rest_route=\/wp\/v2\/pages\/418","targetHints":{"allow":["GET"]}}],"collection":[{"href":"https:\/\/nilsgruetzner.de\/index.php?rest_route=\/wp\/v2\/pages"}],"about":[{"href":"https:\/\/nilsgruetzner.de\/index.php?rest_route=\/wp\/v2\/types\/page"}],"author":[{"embeddable":true,"href":"https:\/\/nilsgruetzner.de\/index.php?rest_route=\/wp\/v2\/users\/1"}],"replies":[{"embeddable":true,"href":"https:\/\/nilsgruetzner.de\/index.php?rest_route=%2Fwp%2Fv2%2Fcomments&post=418"}],"version-history":[{"count":4,"href":"https:\/\/nilsgruetzner.de\/index.php?rest_route=\/wp\/v2\/pages\/418\/revisions"}],"predecessor-version":[{"id":485,"href":"https:\/\/nilsgruetzner.de\/index.php?rest_route=\/wp\/v2\/pages\/418\/revisions\/485"}],"up":[{"embeddable":true,"href":"https:\/\/nilsgruetzner.de\/index.php?rest_route=\/wp\/v2\/pages\/492"}],"wp:attachment":[{"href":"https:\/\/nilsgruetzner.de\/index.php?rest_route=%2Fwp%2Fv2%2Fmedia&parent=418"}],"curies":[{"name":"wp","href":"https:\/\/api.w.org\/{rel}","templated":true}]}}