{"id":498,"date":"2022-11-07T09:38:49","date_gmt":"2022-11-07T09:38:49","guid":{"rendered":"http:\/\/nilsgruetzner.de\/?page_id=498"},"modified":"2023-12-03T20:38:11","modified_gmt":"2023-12-03T20:38:11","slug":"rezensionen","status":"publish","type":"page","link":"https:\/\/nilsgruetzner.de\/?page_id=498","title":{"rendered":"Rezensionen"},"content":{"rendered":"\n<p>Hier finden sie Berichte \u00fcber: <\/p>\n\n\n\n<p>B\u00fccher <\/p>\n\n\n\n<p>Filme <\/p>\n\n\n\n<p>N\u00fctzliche Onlinetools <\/p>\n\n\n\n<p>Blubbersongs Gedanken \u00fcber Lieder die mich beweg(t)en. <\/p>\n\n\n\n<p><\/p>\n","protected":false},"excerpt":{"rendered":"<p>Hier finden sie Berichte \u00fcber: B\u00fccher Filme N\u00fctzliche Onlinetools Blubbersongs Gedanken \u00fcber Lieder die mich beweg(t)en.<\/p>\n","protected":false},"author":1,"featured_media":0,"parent":0,"menu_order":0,"comment_status":"closed","ping_status":"closed","template":"","meta":{"footnotes":""},"class_list":["post-498","page","type-page","status-publish","hentry"],"jetpack-related-posts":[],"jetpack_likes_enabled":true,"jetpack_sharing_enabled":true,"_links":{"self":[{"href":"https:\/\/nilsgruetzner.de\/index.php?rest_route=\/wp\/v2\/pages\/498","targetHints":{"allow":["GET"]}}],"collection":[{"href":"https:\/\/nilsgruetzner.de\/index.php?rest_route=\/wp\/v2\/pages"}],"about":[{"href":"https:\/\/nilsgruetzner.de\/index.php?rest_route=\/wp\/v2\/types\/page"}],"author":[{"embeddable":true,"href":"https:\/\/nilsgruetzner.de\/index.php?rest_route=\/wp\/v2\/users\/1"}],"replies":[{"embeddable":true,"href":"https:\/\/nilsgruetzner.de\/index.php?rest_route=%2Fwp%2Fv2%2Fcomments&post=498"}],"version-history":[{"count":2,"href":"https:\/\/nilsgruetzner.de\/index.php?rest_route=\/wp\/v2\/pages\/498\/revisions"}],"predecessor-version":[{"id":957,"href":"https:\/\/nilsgruetzner.de\/index.php?rest_route=\/wp\/v2\/pages\/498\/revisions\/957"}],"wp:attachment":[{"href":"https:\/\/nilsgruetzner.de\/index.php?rest_route=%2Fwp%2Fv2%2Fmedia&parent=498"}],"curies":[{"name":"wp","href":"https:\/\/api.w.org\/{rel}","templated":true}]}}