{"id":577,"date":"2023-03-07T11:50:02","date_gmt":"2023-03-07T11:50:02","guid":{"rendered":"http:\/\/nilsgruetzner.de\/?page_id=577"},"modified":"2023-03-07T11:50:06","modified_gmt":"2023-03-07T11:50:06","slug":"datenschutzerklaerung","status":"publish","type":"page","link":"https:\/\/nilsgruetzner.de\/?page_id=577","title":{"rendered":"Datenschutzerkl\u00e4rung"},"content":{"rendered":"\n<h1 class=\"wp-block-heading\">DATENSCHUTZERKL\u00c4RUNG<\/h1>\n\n\n\n<p>\u00a7 1 Allgemeines<\/p>\n\n\n\n<p>Ihre personenbezogenen Daten (z.&nbsp;B. Anrede, Name, Anschrift, E-Mail-Adresse, Telefonnummer) werden von uns nur gem\u00e4\u00df den Bestimmungen des deutschen Datenschutzrechts und des Datenschutzrechts der Europ\u00e4ischen Union (EU) verarbeitet. Die nachfolgenden Vorschriften informieren Sie neben den Verarbeitungszwecken, Rechtsgrundlagen, Empf\u00e4ngern, Speicherfristen auch \u00fcber Ihre Rechte und den Verantwortlichen f\u00fcr Ihre Datenverarbeitung. Diese Datenschutzerkl\u00e4rung bezieht sich nur auf unsere Websites. Falls Sie \u00fcber Links auf unseren Seiten auf andere Seiten weitergeleitet werden, informieren Sie sich bitte dort \u00fcber den jeweiligen Umgang mit Ihren Daten.<\/p>\n\n\n\n<p>\u00a7 2 Informationen \u00fcber Cookies<\/p>\n\n\n\n<p><strong>(1) Verarbeitungszweck<\/strong><\/p>\n\n\n\n<p>Auf dieser Webseite werden technisch notwendige Cookies eingesetzt. Es handelt sich dabei um kleine Textdateien, die in bzw. von Ihrem Internetbrowser auf Ihrem Computersystem gespeichert werden.<\/p>\n\n\n\n<p><strong>(2) Rechtsgrundlage<\/strong><\/p>\n\n\n\n<p>Rechtsgrundlage f\u00fcr diese Verarbeitung ist Art.&nbsp;6 Abs.&nbsp;1f) DSGVO.<\/p>\n\n\n\n<p><strong>(3) Berechtigtes Interesse<\/strong><\/p>\n\n\n\n<p>Unser berechtigtes Interesse ist die Funktionsf\u00e4higkeit unserer Webseite. Die durch technisch notwendige Cookies erhobenen Nutzerdaten werden nicht zur Erstellung von Nutzerprofilen verwendet. Dadurch wird Ihr Interesse am Datenschutz gewahrt.<\/p>\n\n\n\n<p><strong>(4) Speicherdauer<\/strong><\/p>\n\n\n\n<p>Die technisch notwendigen Cookies werden im Regelfall mit dem Schlie\u00dfen des Browsers gel\u00f6scht. Dauerhaft gespeicherte Cookies haben eine unterschiedlich lange Lebensdauer von einigen Minuten bis zu mehreren Jahren.<\/p>\n\n\n\n<p><strong>(5) WIDERSPRUCHSRECHT<\/strong><\/p>\n\n\n\n<p><strong>Falls Sie die Speicherung dieser Cookies nicht w\u00fcnschen, deaktivieren Sie bitte die Annahme dieser Cookies in Ihrem Internetbrowser. Dies kann aber eine Funktionseinschr\u00e4nkung unserer Webseite zur Folge haben. Dauerhaft gespeicherte Cookies k\u00f6nnen Sie ebenfalls jederzeit \u00fcber Ihren Browser l\u00f6schen.<\/strong><\/p>\n\n\n\n<p>\u00a7 3 Ihre Rechte als Betroffener<\/p>\n\n\n\n<p>Werden personenbezogene Daten von Ihnen verarbeitet, sind Sie Betroffener im Sinne der DSGVO und es stehen Ihnen folgende Rechte gegen\u00fcber uns als Verantwortlichen zu:<\/p>\n\n\n\n<p><strong>1. Recht auf Auskunft<\/strong><\/p>\n\n\n\n<p>Sie k\u00f6nnen im Rahmen des Art.&nbsp;15 DSGVO Auskunft \u00fcber Ihre von uns verarbeiteten personenbezogenen Daten verlangen.<\/p>\n\n\n\n<p><strong>2. Recht auf Berichtigung<\/strong><\/p>\n\n\n\n<p>Sollten die Sie betreffenden Angaben nicht (mehr) zutreffend sein, k\u00f6nnen Sie nach Art.&nbsp;16 DSGVO eine Berichtigung verlangen. Sollten Ihre Daten unvollst\u00e4ndig sein, k\u00f6nnen Sie eine Vervollst\u00e4ndigung verlangen.<\/p>\n\n\n\n<p><strong>3. Recht auf L\u00f6schung<\/strong><\/p>\n\n\n\n<p>Sie k\u00f6nnen unter den Bedingungen des Art.&nbsp;17 DSGVO die L\u00f6schung Ihrer personenbezogenen Daten verlangen.<\/p>\n\n\n\n<p><strong>4. Recht auf Einschr\u00e4nkung der Verarbeitung<\/strong><\/p>\n\n\n\n<p>Sie haben im Rahmen der Vorgaben des Art.&nbsp;18 DSGVO das Recht, eine Einschr\u00e4nkung der Verarbeitung der Sie betreffenden Daten zu verlangen.<\/p>\n\n\n\n<p><strong>5. Recht auf Daten\u00fcbertragbarkeit<\/strong><\/p>\n\n\n\n<p>Sie haben nach Art.&nbsp;20 DSGVO das Recht, die Sie betreffenden personenbezogenen Daten, die Sie uns bereitgestellt haben, in einem strukturierten, g\u00e4ngigen und maschinenlesbaren Format zu erhalten oder die \u00dcbermittlung an einen anderen Verantwortlichen zu verlangen.<\/p>\n\n\n\n<p><strong>6. Recht auf Widerruf der datenschutzrechtlichen Einwilligungserkl\u00e4rung<\/strong><\/p>\n\n\n\n<p>Sie haben nach Art.&nbsp;7 Abs.&nbsp;3 DSGVO das Recht, Ihre datenschutzrechtliche Einwilligungserkl\u00e4rung jederzeit zu widerrufen. Die Rechtm\u00e4\u00dfigkeit der aufgrund der Einwilligung bis zum Widerruf erfolgten Verarbeitung wird dadurch nicht ber\u00fchrt.<\/p>\n\n\n\n<p><strong>7. Recht auf Beschwerde bei einer Aufsichtsbeh\u00f6rde<\/strong><\/p>\n\n\n\n<p>Wenn Sie der Ansicht sind, dass die Verarbeitung der Sie betreffenden personenbezogenen Daten gegen die DSGVO verst\u00f6\u00dft, steht Ihnen nach Art.&nbsp;77 DSGVO das Recht auf Beschwerde bei einer Aufsichtsbeh\u00f6rde (insbesondere in dem Mitgliedstaat ihres Aufenthaltsorts, ihres Arbeitsplatzes oder des Orts des mutma\u00dflichen Versto\u00dfes) zu.<\/p>\n\n\n\n<p><strong>Bitte beachten Sie auch Ihr Widerspruchsrecht nach Art.&nbsp;21 DSGVO:<\/strong><\/p>\n\n\n\n<p><strong>a) Allgemein: begr\u00fcndeter Widerspruch erforderlich<\/strong><\/p>\n\n\n\n<p><strong>Erfolgt die Verarbeitung Sie betreffender personenbezogener Daten<\/strong><\/p>\n\n\n\n<p><strong>\u2013 zur Wahrung unseres \u00fcberwiegenden berechtigten Interesses (Rechtsgrundlage nach Art.&nbsp;6 Abs.&nbsp;1f) DSGVO) oder<\/strong><\/p>\n\n\n\n<p><strong>\u2013 im \u00f6ffentlichen Interesse (Rechtsgrundlage nach Art.&nbsp;6 Abs.&nbsp;1e) DSGVO),<\/strong><\/p>\n\n\n\n<p><strong>haben Sie das Recht, jederzeit aus Gr\u00fcnden, die sich aus Ihrer besonderen Situation ergeben, gegen die Verarbeitung Widerspruch einzulegen; dies gilt auch f\u00fcr ein auf die Bestimmungen der DSGVO gest\u00fctztes Profiling.<\/strong><\/p>\n\n\n\n<p><strong>Im Fall des Widerspruchs verarbeiten wir die Sie betreffenden personenbezogenen Daten nicht mehr, es sei denn, wir k\u00f6nnen zwingende schutzw\u00fcrdige Gr\u00fcnde f\u00fcr die Verarbeitung nachweisen, die Ihre Interessen, Rechte und Freiheiten \u00fcberwiegen, oder die Verarbeitung dient der Geltendmachung, Aus\u00fcbung oder Verteidigung von Rechtsanspr\u00fcchen.<\/strong><\/p>\n\n\n\n<p><strong>b) Sonderfall Direktwerbung: einfacher Widerspruch gen\u00fcgt<\/strong><\/p>\n\n\n\n<p><strong>Werden die Sie betreffenden personenbezogenen Daten verarbeitet, um Direktwerbung zu betreiben, haben Sie das Recht, jederzeit und ohne Angabe von Gr\u00fcnden Widerspruch gegen diese Verarbeitung einzulegen; dies gilt auch f\u00fcr das Profiling, soweit es mit solcher Direktwerbung in Verbindung steht.<\/strong><\/p>\n\n\n\n<p><strong>Widersprechen Sie der Verarbeitung f\u00fcr Zwecke der Direktwerbung, so werden die Sie betreffenden personenbezogenen Daten nicht mehr f\u00fcr diese Zwecke verarbeitet.<\/strong><\/p>\n\n\n\n<p><strong>Verantwortlicher f\u00fcr die Datenverarbeitung:<\/strong><br>Nils Gr\u00fctzner<br>Am Steinh\u00fcgel 2 <br>66459 Kirkel <br>Telefon: (01525\/3090337)<br>mail@nils.gruetzner.de<\/p>\n\n\n\n<p>Diese Datenschutzerkl\u00e4rung wurde erstellt und wird aktualisiert mit der Technologie der&nbsp;<a href=\"https:\/\/www.datenschutz-janolaw.de\/\">janolaw GmbH<\/a>.<\/p>\n","protected":false},"excerpt":{"rendered":"<p>DATENSCHUTZERKL\u00c4RUNG \u00a7 1 Allgemeines Ihre personenbezogenen Daten (z.&nbsp;B. Anrede, Name, Anschrift, E-Mail-Adresse, Telefonnummer) werden von uns nur gem\u00e4\u00df den Bestimmungen des deutschen Datenschutzrechts und des Datenschutzrechts der Europ\u00e4ischen Union (EU) verarbeitet. Die nachfolgenden Vorschriften informieren Sie neben den Verarbeitungszwecken, Rechtsgrundlagen, Empf\u00e4ngern, Speicherfristen auch \u00fcber Ihre Rechte und den Verantwortlichen f\u00fcr Ihre Datenverarbeitung. Diese Datenschutzerkl\u00e4rung bezieht &hellip; <a href=\"https:\/\/nilsgruetzner.de\/?page_id=577\" class=\"more-link\"><span class=\"screen-reader-text\">\u201eDatenschutzerkl\u00e4rung\u201c <\/span>weiterlesen<\/a><\/p>\n","protected":false},"author":1,"featured_media":0,"parent":0,"menu_order":0,"comment_status":"closed","ping_status":"closed","template":"","meta":{"footnotes":""},"class_list":["post-577","page","type-page","status-publish","hentry"],"jetpack-related-posts":[],"jetpack_likes_enabled":true,"jetpack_sharing_enabled":true,"_links":{"self":[{"href":"https:\/\/nilsgruetzner.de\/index.php?rest_route=\/wp\/v2\/pages\/577","targetHints":{"allow":["GET"]}}],"collection":[{"href":"https:\/\/nilsgruetzner.de\/index.php?rest_route=\/wp\/v2\/pages"}],"about":[{"href":"https:\/\/nilsgruetzner.de\/index.php?rest_route=\/wp\/v2\/types\/page"}],"author":[{"embeddable":true,"href":"https:\/\/nilsgruetzner.de\/index.php?rest_route=\/wp\/v2\/users\/1"}],"replies":[{"embeddable":true,"href":"https:\/\/nilsgruetzner.de\/index.php?rest_route=%2Fwp%2Fv2%2Fcomments&post=577"}],"version-history":[{"count":1,"href":"https:\/\/nilsgruetzner.de\/index.php?rest_route=\/wp\/v2\/pages\/577\/revisions"}],"predecessor-version":[{"id":579,"href":"https:\/\/nilsgruetzner.de\/index.php?rest_route=\/wp\/v2\/pages\/577\/revisions\/579"}],"wp:attachment":[{"href":"https:\/\/nilsgruetzner.de\/index.php?rest_route=%2Fwp%2Fv2%2Fmedia&parent=577"}],"curies":[{"name":"wp","href":"https:\/\/api.w.org\/{rel}","templated":true}]}}