{"id":7,"date":"2019-10-13T18:41:04","date_gmt":"2019-10-13T18:41:04","guid":{"rendered":"http:\/\/nilsgruetzner.de\/?page_id=7"},"modified":"2022-11-07T09:25:03","modified_gmt":"2022-11-07T09:25:03","slug":"about-me","status":"publish","type":"page","link":"https:\/\/nilsgruetzner.de\/?page_id=7","title":{"rendered":"About me"},"content":{"rendered":"\n<figure class=\"wp-block-image\"><img data-recalc-dims=\"1\" loading=\"lazy\" decoding=\"async\" width=\"840\" height=\"473\" src=\"https:\/\/i0.wp.com\/nilsgruetzner.de\/wp-content\/uploads\/2019\/10\/20190720_144206.jpg?resize=840%2C473\" alt=\"\" class=\"wp-image-17\" srcset=\"https:\/\/i0.wp.com\/nilsgruetzner.de\/wp-content\/uploads\/2019\/10\/20190720_144206.jpg?resize=1024%2C576&amp;ssl=1 1024w, https:\/\/i0.wp.com\/nilsgruetzner.de\/wp-content\/uploads\/2019\/10\/20190720_144206.jpg?resize=300%2C169&amp;ssl=1 300w, https:\/\/i0.wp.com\/nilsgruetzner.de\/wp-content\/uploads\/2019\/10\/20190720_144206.jpg?resize=768%2C432&amp;ssl=1 768w, https:\/\/i0.wp.com\/nilsgruetzner.de\/wp-content\/uploads\/2019\/10\/20190720_144206.jpg?w=1680 1680w, https:\/\/i0.wp.com\/nilsgruetzner.de\/wp-content\/uploads\/2019\/10\/20190720_144206.jpg?w=2520 2520w\" sizes=\"auto, (max-width: 709px) 85vw, (max-width: 909px) 67vw, (max-width: 1362px) 62vw, 840px\" \/><\/figure>\n\n\n\n<p>Hallo mein Name ist Nils Gr\u00fctzner und ich wohne im Saarland. <br>Auf dieser privaten Homepage stehen Dinge die ich so denke, erlebe und an die ich Glaube. Meine Arbeit f\u00fcr das Landesinstitut f\u00fcr P\u00e4dagogik und Medien ist vielseitig und interessant und ich freue mich, wenn ich meine Freizeit mit meiner Frau und meiner Familie zusammen erleben kann. <\/p>\n\n\n\n<p>Meine Fotos, die ich so im Nebenbei mache wenn es mir in den Sinn kommt findet ihr auf Instagram siehe auf Steite Content<\/p>\n\n\n\n<p> Wenn ihr klassisch <strong>Kontakt <\/strong>aufnehmen wollt: <strong>mail@nilsgruetzner.de <\/strong><\/p>\n\n\n\n<p><strong>Links <\/strong>auf dieser Homepage f\u00fchren grunds\u00e4tzlich zu Ver\u00f6ffentlichungen von anderen Herausgebern f\u00fcr diese Inhalte \u00fcbernehme ich keinerlei Verantwortung. <\/p>\n\n\n\n<p>Sollten sie Verst\u00f6\u00dfe gegen Datenschutz\/ Urheberrichte o.\u00e4. finden teilen sie mir dies bitte mit sie werden dann sofort gel\u00f6scht. <\/p>\n","protected":false},"excerpt":{"rendered":"<p>Hallo mein Name ist Nils Gr\u00fctzner und ich wohne im Saarland. Auf dieser privaten Homepage stehen Dinge die ich so denke, erlebe und an die ich Glaube. Meine Arbeit f\u00fcr das Landesinstitut f\u00fcr P\u00e4dagogik und Medien ist vielseitig und interessant und ich freue mich, wenn ich meine Freizeit mit meiner Frau und meiner Familie zusammen &hellip; <a href=\"https:\/\/nilsgruetzner.de\/?page_id=7\" class=\"more-link\"><span class=\"screen-reader-text\">\u201eAbout me\u201c <\/span>weiterlesen<\/a><\/p>\n","protected":false},"author":1,"featured_media":0,"parent":0,"menu_order":0,"comment_status":"closed","ping_status":"closed","template":"","meta":{"footnotes":""},"class_list":["post-7","page","type-page","status-publish","hentry"],"jetpack-related-posts":[],"jetpack_likes_enabled":true,"jetpack_sharing_enabled":true,"_links":{"self":[{"href":"https:\/\/nilsgruetzner.de\/index.php?rest_route=\/wp\/v2\/pages\/7","targetHints":{"allow":["GET"]}}],"collection":[{"href":"https:\/\/nilsgruetzner.de\/index.php?rest_route=\/wp\/v2\/pages"}],"about":[{"href":"https:\/\/nilsgruetzner.de\/index.php?rest_route=\/wp\/v2\/types\/page"}],"author":[{"embeddable":true,"href":"https:\/\/nilsgruetzner.de\/index.php?rest_route=\/wp\/v2\/users\/1"}],"replies":[{"embeddable":true,"href":"https:\/\/nilsgruetzner.de\/index.php?rest_route=%2Fwp%2Fv2%2Fcomments&post=7"}],"version-history":[{"count":4,"href":"https:\/\/nilsgruetzner.de\/index.php?rest_route=\/wp\/v2\/pages\/7\/revisions"}],"predecessor-version":[{"id":490,"href":"https:\/\/nilsgruetzner.de\/index.php?rest_route=\/wp\/v2\/pages\/7\/revisions\/490"}],"wp:attachment":[{"href":"https:\/\/nilsgruetzner.de\/index.php?rest_route=%2Fwp%2Fv2%2Fmedia&parent=7"}],"curies":[{"name":"wp","href":"https:\/\/api.w.org\/{rel}","templated":true}]}}