{"id":95,"date":"2020-04-02T10:01:57","date_gmt":"2020-04-02T10:01:57","guid":{"rendered":"http:\/\/nilsgruetzner.de\/?page_id=95"},"modified":"2023-02-10T06:07:48","modified_gmt":"2023-02-10T06:07:48","slug":"nuetzliche-onlinetools","status":"publish","type":"page","link":"https:\/\/nilsgruetzner.de\/?page_id=95","title":{"rendered":"N\u00fctzliche Onlinetools"},"content":{"rendered":"\n<h2 class=\"wp-block-heading\">Video-Konferenz und mehr<\/h2>\n\n\n\n<p><strong>Teams<\/strong> (https:\/\/teams.microsoft.com\/) der Klassiker vom Softwaregiganten Microsoft funktioniert gut und kann wesentlich mehr als nur Videokonferenzen f\u00fcr Menschen denen es nichts ausmacht ihre Daten in den USA zu hinterlegen.  <\/p>\n\n\n\n<p><strong>Zoom<\/strong> (<a href=\"https:\/\/zoom.us\/\">https:\/\/zoom.us\/<\/a>) eine wunderbare App bei der sich Videokonferenzen organsieren lassen und dass bis 40Minuten auf einem Kostenlosen Account (stand 02.04.2020)<\/p>\n\n\n\n<p> <strong>Jitsi <\/strong>ist eine andere wunderbare Seite um Onlinekonferenzen zu veranstalten. das tolle hierbei ist man erschafft einen Konferenzraum der erhalten bleibt. man kann also auch an einem anderen Zeitpunkt wieder in diesen Konferenzraum gelangen. <a rel=\"noreferrer noopener\" href=\"https:\/\/meet.jit.si\/\" target=\"_blank\">https:\/\/meet.jit.si\/<\/a> Es ist nicht zeitlich begrenzt und die Teilnehmer m\u00fcssen sich nicht einmal anmelden<\/p>\n\n\n\n<h2 class=\"wp-block-heading\">Tafeln und Lerntools <\/h2>\n\n\n\n<p><strong>Trello <\/strong>(<a href=\"https:\/\/trello.com\/de\">https:\/\/trello.com\/de<\/a>) Projektmangemensystem bei dem man kollaborativ mit Listen arbeiten kann <\/p>\n\n\n\n<p><strong>Padlet<\/strong>(<a href=\"https:\/\/de.padlet.com\/dashboard\">www.de.padlet.com<\/a>)erstellen von Karteikarten  teilen und diskutieren von Dokumenten erstellen von Schaubildern Dokumenten und mehr<\/p>\n\n\n\n<p><strong>Quizlet <\/strong>(<a href=\"https:\/\/quizlet.com\/\">https:\/\/quizlet.com\/<\/a>) Karteikarten lernen und Quizzes erstellen  <\/p>\n\n\n\n<p><strong>SurveyMonkey <\/strong>(<a href=\"https:\/\/www.surveymonkey.de\/\">https:\/\/www.surveymonkey.de\/<\/a> ) Umfragetool mit dem sich kostenlos Umfragen erstellen lassen <\/p>\n\n\n\n<p><strong>Edkimo<\/strong> (<a href=\"https:\/\/edkimo.com\/de\/\">https:\/\/edkimo.com\/de\/<\/a>) holen sie sich ihr Feedback <\/p>\n\n\n\n<p><\/p>\n\n\n\n<p><strong>Wikipedia<\/strong> (<a href=\"https:\/\/www.wikipedia.de\/\">https:\/\/www.wikipedia.de\/<\/a>) der Klassiker hier kann man Teil des Ganzen werden das macht Spass und macht aus einem Nachschlagewerk Dein Nachschlagewerk <\/p>\n\n\n\n<p><strong>Prezi <\/strong>(<a href=\"https:\/\/prezi.com\/de\/\">https:\/\/prezi.com\/de\/<\/a> ) erstellen sie Pr\u00e4sentationen mal anders <\/p>\n\n\n\n<p><strong>Leaningapps <\/strong>( <a href=\"https:\/\/learningapps.org\/\">https:\/\/learningapps.org\/<\/a> ) bietet verschieden Tools die dann erarbeitet werden k\u00f6nnen <\/p>\n\n\n\n<p><strong>h5p <\/strong>(<a href=\"https:\/\/h5p.com\/\">https:\/\/h5p.com\/<\/a>) bietet tools die man in seine Seite integrieren kann oder die man in moodle nutzen kann. <\/p>\n\n\n\n<p><strong>Moodle <\/strong>(<a href=\"https:\/\/moodle.de\/\">https:\/\/moodle.de\/<\/a>) Die kostenfreie Lernplattform sehr m\u00e4chtig Am LPM erhaltet ihr zugang zu Moodle \u00fcber <a href=\"https:\/\/moodle.lpm.uni-sb.de\/moodle\/\">https:\/\/moodle.lpm.uni-sb.de\/moodle\/<\/a><\/p>\n\n\n\n<p><strong>Wki books<\/strong> (<a href=\"https:\/\/de.wikibooks.org\/wiki\/Hauptseite\">https:\/\/de.wikibooks.org\/wiki\/Hauptseite<\/a>) Sammlung freier Lehr- und Fach- und Sachb\u00fccher <\/p>\n\n\n\n<p><strong>Tinkercad <\/strong>(<a href=\"https:\/\/www.tinkercad.com\/\">https:\/\/www.tinkercad.com\/<\/a>) einfaches CAD Programm zum beispiel zum modellieren von Gegenst\u00e4nden f\u00fcr den 3-d Drucker <\/p>\n\n\n\n<p> <strong>My simple  Show<\/strong> (<a href=\"https:\/\/www.mysimpleshow.com\/de\/\">https:\/\/www.mysimpleshow.com\/de<\/a>) erstellen von Erkl\u00e4rvideos <\/p>\n\n\n\n<p><strong>Kahoot <\/strong>(<a href=\"https:\/\/kahoot.com\/\">https:\/\/kahoot.com\/<\/a>) erstellen von Abfragen und Quizzes die gemeinsam bearbeitet werden k\u00f6nnen inclusive einer Auswertung <\/p>\n\n\n\n<h2 class=\"wp-block-heading\">Hompages einfach<\/h2>\n\n\n\n<p><strong>Blogger<\/strong> (<a href=\"https:\/\/www.blogger.com\/\">https:\/\/www.blogger.com\/<\/a>) ist ein Baukasten um Blog&#8217;s zu erstellen. Das Programm wird von Google zur Verf\u00fcgung gestellt. Ich habe es f\u00fcr ein Urlaubsblogg genutzt. Hat Spass gemacht<\/p>\n\n\n\n<p><strong>Adobe Spark <\/strong>(<a href=\"https:\/\/spark.adobe.com\/de-DE\/sp\/\">https:\/\/spark.adobe.com\/de-DE\/sp\/<\/a>) einfache M\u00f6glichkeit Webseiten, Layouts zu erstellen <\/p>\n\n\n\n<p><strong>WordPress<\/strong> (<a href=\"https:\/\/wordpress.com\/\">https:\/\/wordpress.com\/<\/a>) Zugang zum erstellen von Webseiten komplex aber vielseitig <\/p>\n\n\n\n<h2 class=\"wp-block-heading\">Lerntools<\/h2>\n\n\n\n<p><strong>Duolingo<\/strong> (<a href=\"https:\/\/www.duolingo.com\/learn\">https:\/\/www.duolingo.com\/learn<\/a>) tolle App zum Sprachen lernen <\/p>\n\n\n\n<p><strong>Khan Academy<\/strong> (<a href=\"https:\/\/de.khanacademy.org\/\">https:\/\/de.khanacademy.org\/<\/a> ) das andere Nachhilfe Institut <\/p>\n\n\n\n<p><strong>Google Zukunfstwerkstatt<\/strong> (<a href=\"https:\/\/learndigital.withgoogle.com\/\">https:\/\/learndigital.withgoogle.com\/<\/a>) kostenlose Kurse zu Themen rund um Digitalit\u00e4t <\/p>\n\n\n\n<p><\/p>\n\n\n\n<p><\/p>\n\n\n\n<h2 class=\"wp-block-heading\">Bildschirmaufzeichnungen <\/h2>\n\n\n\n<p>F\u00fcr Screencasts eigenen sich folgende Seiten hervorragend <a href=\"https:\/\/screencast-o-matic.com\/\">https:\/\/screencast-o-matic.com\/<\/a> hier k\u00f6nnen kurze Videos von bis zu 30 Minuten erstellt werden diese k\u00f6nnen dann auch wenn man m\u00f6chte auf der Plattform geteilt werden sie k\u00f6nnen aber auch ganz leicht gespeichert werden. \u00c4hnlich funktioniert es auch mit dem Browserbasierten Tool  <a href=\"https:\/\/recordscreen.io\/\">https:\/\/recordscreen.io\/<\/a><\/p>\n\n\n\n<h2 class=\"wp-block-heading\">Reiseapps <\/h2>\n\n\n\n<p>Tripadvisor (<a href=\"https:\/\/www.tripadvisor.de\/\">https:\/\/www.tripadvisor.de\/<\/a>) bietet Reisetipps f\u00fcr alle Orte der Welt  <\/p>\n\n\n\n<p>Tripwolf (<a href=\"https:\/\/www.tripwolf.com\/de\/\">https:\/\/www.tripwolf.com\/de\/<\/a>) bietet zugang du den Reisef\u00fchrern der MarcoPolo Reihe  <\/p>\n\n\n\n<p>Booking.com (<a href=\"https:\/\/www.booking.com\/\">https:\/\/www.booking.com\/<\/a>) buchen von Hotels und Herbergen <\/p>\n\n\n\n<p>Komoot (<a href=\"https:\/\/www.komoot.de\/\">https:\/\/www.komoot.de\/<\/a>) Wander und Rad App gute Navigation und aufzeichnung der gemachten Touren <\/p>\n\n\n\n<p><\/p>\n","protected":false},"excerpt":{"rendered":"<p>Video-Konferenz und mehr Teams (https:\/\/teams.microsoft.com\/) der Klassiker vom Softwaregiganten Microsoft funktioniert gut und kann wesentlich mehr als nur Videokonferenzen f\u00fcr Menschen denen es nichts ausmacht ihre Daten in den USA zu hinterlegen. Zoom (https:\/\/zoom.us\/) eine wunderbare App bei der sich Videokonferenzen organsieren lassen und dass bis 40Minuten auf einem Kostenlosen Account (stand 02.04.2020) Jitsi ist &hellip; <a href=\"https:\/\/nilsgruetzner.de\/?page_id=95\" class=\"more-link\"><span class=\"screen-reader-text\">\u201eN\u00fctzliche Onlinetools\u201c <\/span>weiterlesen<\/a><\/p>\n","protected":false},"author":1,"featured_media":0,"parent":0,"menu_order":0,"comment_status":"closed","ping_status":"closed","template":"","meta":{"footnotes":""},"class_list":["post-95","page","type-page","status-publish","hentry"],"jetpack-related-posts":[],"jetpack_likes_enabled":true,"jetpack_sharing_enabled":true,"_links":{"self":[{"href":"https:\/\/nilsgruetzner.de\/index.php?rest_route=\/wp\/v2\/pages\/95","targetHints":{"allow":["GET"]}}],"collection":[{"href":"https:\/\/nilsgruetzner.de\/index.php?rest_route=\/wp\/v2\/pages"}],"about":[{"href":"https:\/\/nilsgruetzner.de\/index.php?rest_route=\/wp\/v2\/types\/page"}],"author":[{"embeddable":true,"href":"https:\/\/nilsgruetzner.de\/index.php?rest_route=\/wp\/v2\/users\/1"}],"replies":[{"embeddable":true,"href":"https:\/\/nilsgruetzner.de\/index.php?rest_route=%2Fwp%2Fv2%2Fcomments&post=95"}],"version-history":[{"count":14,"href":"https:\/\/nilsgruetzner.de\/index.php?rest_route=\/wp\/v2\/pages\/95\/revisions"}],"predecessor-version":[{"id":553,"href":"https:\/\/nilsgruetzner.de\/index.php?rest_route=\/wp\/v2\/pages\/95\/revisions\/553"}],"wp:attachment":[{"href":"https:\/\/nilsgruetzner.de\/index.php?rest_route=%2Fwp%2Fv2%2Fmedia&parent=95"}],"curies":[{"name":"wp","href":"https:\/\/api.w.org\/{rel}","templated":true}]}}