{"id":955,"date":"2023-12-15T18:50:36","date_gmt":"2023-12-15T18:50:36","guid":{"rendered":"https:\/\/nilsgruetzner.de\/?page_id=955"},"modified":"2023-12-23T11:44:31","modified_gmt":"2023-12-23T11:44:31","slug":"blubbersongs","status":"publish","type":"page","link":"https:\/\/nilsgruetzner.de\/?page_id=955","title":{"rendered":"Blubbersongs"},"content":{"rendered":"\n<figure class=\"wp-block-image alignfull size-large\"><img data-recalc-dims=\"1\" loading=\"lazy\" decoding=\"async\" width=\"840\" height=\"559\" src=\"https:\/\/i0.wp.com\/nilsgruetzner.de\/wp-content\/uploads\/2023\/12\/soap-bubble-824558_1280-1.jpg?resize=840%2C559\" alt=\"\" class=\"wp-image-959\" srcset=\"https:\/\/i0.wp.com\/nilsgruetzner.de\/wp-content\/uploads\/2023\/12\/soap-bubble-824558_1280-1.jpg?resize=1024%2C682&amp;ssl=1 1024w, https:\/\/i0.wp.com\/nilsgruetzner.de\/wp-content\/uploads\/2023\/12\/soap-bubble-824558_1280-1.jpg?resize=300%2C200&amp;ssl=1 300w, https:\/\/i0.wp.com\/nilsgruetzner.de\/wp-content\/uploads\/2023\/12\/soap-bubble-824558_1280-1.jpg?resize=768%2C511&amp;ssl=1 768w, https:\/\/i0.wp.com\/nilsgruetzner.de\/wp-content\/uploads\/2023\/12\/soap-bubble-824558_1280-1.jpg?resize=1200%2C799&amp;ssl=1 1200w, https:\/\/i0.wp.com\/nilsgruetzner.de\/wp-content\/uploads\/2023\/12\/soap-bubble-824558_1280-1.jpg?w=1280&amp;ssl=1 1280w\" sizes=\"auto, (max-width: 709px) 85vw, (max-width: 909px) 67vw, (max-width: 1362px) 62vw, 840px\" \/><figcaption class=\"wp-element-caption\">Bild von <a href=\"https:\/\/pixabay.com\/de\/users\/alexas_fotos-686414\/?utm_source=link-attribution&amp;utm_medium=referral&amp;utm_campaign=image&amp;utm_content=824558\">Alexa<\/a> auf <a href=\"https:\/\/pixabay.com\/de\/\/?utm_source=link-attribution&amp;utm_medium=referral&amp;utm_campaign=image&amp;utm_content=824558\">Pixabay<\/a><\/figcaption><\/figure>\n\n\n\n<h1 class=\"wp-block-heading has-text-align-center\"><strong>Blubbersongs <\/strong> <\/h1>\n\n\n\n<h1 class=\"wp-block-heading has-text-align-center\">Berichte von Liedern die mich bewegten <\/h1>\n\n\n\n<div style=\"height:30px\" aria-hidden=\"true\" class=\"wp-block-spacer\"><\/div>\n\n\n\n<h4 class=\"wp-block-heading has-text-align-left\">Vielleicht kennst du das Lied Lieder von Adel Tavil der in seinem Song kurz beschreibt welche Songs ihn in seinem Leben bewegten.&nbsp; Ausgehend von diesem Lied m\u00f6chte in dieser Seite Lieder vorstellen die mich bewegten.&nbsp; Oder noch bewegen. Immer mit dem entsprechenden Spotify link zum reinh\u00f6ren. Vielleicht habt ihr ja auch Lieder \u00fcber die ihr mehr nachgedacht habt oder \u00fcber die es eine Geschichte zu erz\u00e4hlen gibt, dann l\u00e4\u00dft es mich gerne wissen <\/h4>\n\n\n\n<h2 class=\"wp-block-heading\">Nein meine S\u00f6hne geb ich nicht(1989) Reinhard May<\/h2>\n\n\n\n<figure class=\"wp-block-embed is-type-rich is-provider-spotify wp-block-embed-spotify wp-embed-aspect-21-9 wp-has-aspect-ratio\"><div class=\"wp-block-embed__wrapper\">\n<iframe title=\"Spotify Embed: Nein, meine S\u00f6hne geb&amp;apos; ich nicht\" style=\"border-radius: 12px\" width=\"100%\" height=\"152\" frameborder=\"0\" allowfullscreen allow=\"autoplay; clipboard-write; encrypted-media; fullscreen; picture-in-picture\" loading=\"lazy\" src=\"https:\/\/open.spotify.com\/embed\/track\/1dOOsQoKxNIoFUqbeGMa9t?si=HOYrlZcQRkyn6LtDABi3dA&#038;utm_source=oembed\"><\/iframe>\n<\/div><\/figure>\n\n\n\n<p>Ein Jahr vor meinem Abitur flatterte diese Scheibe &#8222;Mein Apfelb\u00e4umchen&#8220; in unser Haus. Ich war kurz vor meinem Wehrdienst und die Diskussionen zuhause namen kein Ende. Die Frage ob ich mir tats\u00e4chlich mich und meinen K\u00f6rper f\u00fcr einen Dienst eines Vaterlandes vorstellen kann besch\u00e4ftigte mich sehr. Besonders Gespr\u00e4che mit meiner Gro\u00dfmutter der im Eifer des &#8222;Gefechtes&#8220; schonmal statt Franzose &#8211; Erbfeind rausrutschte. Daneben ich ein Kind der Deutschfranz\u00f6sischen Freundschaft das sich wirklich fragte welchen Unterschied es mache ob ich im franz\u00f6sischen Elsass oder im badischen gro\u00df wurde ( au\u00dfer der Sprache) wieso Patriotismus? Nie wieder Krieg! Steht unter K\u00e4the Kollwitz Zeichnung. <\/p>\n\n\n\n<p>In dieser Stimmung h\u00f6rte ich dieses Lied wie sehr hatte ich mir gew\u00fcnscht mein Vater w\u00fcrde es f\u00fcr mich singen. Vielleicht auch nur damit ich mir sicher war wie ich mich entscheiden solle &#8211; Vermutlich war meinem Vater damals bereits l\u00e4ngst bewu\u00dft das ich mich bereits entschieden hatte. Doch so musste ich meine Verweigerung aus Glaubens und Gewissensgr\u00fcnden ganz f\u00fcr mich alleine schreiben. 13 kleingedruckte DIN a 4 Seiten. Das Lied von Reinhard immer im Ohr. Ein Entschluss stand damals fest. Das Lied wird ein Lied f\u00fcr meine S\u00f6hne werden. Ich bin froh das keines meiner Kinder den Dienst mit der Waffe ergreifen musste.<\/p>\n\n\n\n<p>Viel sp\u00e4ter der Krig gegen den Terror in Afganistan begann auch mit deutschen Soldaten und ich sa\u00df zuhause und h\u00f6rte auf Deutschlandfunk &#8222;Klassik Pop et Cetera&#8220; mit Reinhard May eine Sendung in der Pers\u00f6nlichkeiten eine Stunde ihre &#8222;Blubbersongs&#8220; vorstellen. Nicht so Reinhard der eine flammende pazifistische Rede hielt, sich eine Stunde im Studio Einschloss und ein Requiem abspielte.<\/p>\n\n\n\n<p>Danke daf\u00fcr und Hut ab. <\/p>\n\n\n\n<h2 class=\"wp-block-heading\">Ein bisschen Frieden (1982) Nicole<\/h2>\n\n\n\n<figure class=\"wp-block-embed is-type-rich is-provider-spotify wp-block-embed-spotify wp-embed-aspect-21-9 wp-has-aspect-ratio\"><div class=\"wp-block-embed__wrapper\">\n<iframe title=\"Spotify Embed: Ein bisschen Frieden\" style=\"border-radius: 12px\" width=\"100%\" height=\"152\" frameborder=\"0\" allowfullscreen allow=\"autoplay; clipboard-write; encrypted-media; fullscreen; picture-in-picture\" loading=\"lazy\" src=\"https:\/\/open.spotify.com\/embed\/track\/0M981FlYgwGQxcb2BNLDKu?si=D_GEkwTnSxyCUmGTM6JnzA&#038;utm_source=oembed\"><\/iframe>\n<\/div><\/figure>\n\n\n\n<p> <br \/><br \/>Es war ein sch\u00f6ner Fernsehabend, ich war 12 Jahre und sa\u00df gespannt vor unserem f\u00fcr heutige Verh\u00e4ltnisse kleinen Fernseher neben dem offenen Kamin. Die ganze Familie betrachtete die Fernsehsendung Grand Prix Eurovision de la Chansons und eine junge deutsche K\u00fcnstlerin \u201eNicole\u201c gewann diesen Wettbewerb. Ihr hier Lied \u201eEin bisschen Frieden\u201c passte in die Zeit, obwohl ich erst 12 Jahre alt war und meine Eltern nicht unbedingt politisch aktiv so war die Welt auch f\u00fcr mich gepr\u00e4gt von Diskussionen \u00fcber den Natodoppelbeschlu\u00df und der  Wunsch nach Frieden war \u00fcberall greifbar. Das Lied brachte dies gesellschaftskonform zum Ausdruck. Es verfolgte unsere Familie auch weiter, denn meine Schwester spielte es mit ihrer Gitarre nach. Dies passte sehr, da sie den gleichen Namen tr\u00e4gt. In den Sommerferien \u00b482 oder \u00b483 verbrauchten wir mit der Familie im Posterholungsheim einem Unternehmenseigenen Hotel im Nordschwarzwald. Meine Schwester Nicole mit ihrer Gitarre und dem Lied \u201eEin bisschen Frieden\u201c war auch hier der Star und ich ein bisschen neidisch das es hier keiner Mandoline bedurfte. <br \/><br \/>Neunzehn Jahre sp\u00e4ter zog ich beruflich ins Saarland. Die S\u00e4ngerin Nicole war vergessen und l\u00e4ngst hatte sich mein Musikgeschmack ver\u00e4ndert, da prangte von Plakaten das gro\u00dfe \u201eComeback\u201c und ich erfuhr das Nicole ein saarl\u00e4ndisches Kind ist, dieser Landstreifen hatte nichts vergessen. Ich schwelgte in den Kindheitserinnerungen aber f\u00fcr einen Konzertbesuch reichte die Liebe nicht. Weitere 21 Jahre sp\u00e4ter begegnete mir dieses Lied wieder. Beruflich begleitete ich seit 2021 ein Erasmus Programm mit Kollegen aus Polen und Litauen. Wieder einmal \u00fcberlagerte die Weltpolitik die pers\u00f6nlichen Lebensplanung. Kurz vor Beginn unseres Projektes \u00fcberfiel Putin die Ukraine wir mussten die \u00d6rtlichkeiten verschieben, da die Schulen in Polen in den ersten Tagen von ukrainischen Fl\u00fcchtlingen \u00fcberf\u00fcllt waren. Im Sommer 2023 sind wir mit dem Programm in Litauen auch dieses Land ist unter dem Eindruck des Krieges und der Russischen Bedrohung angespannt. Die Menschen sind aber sehr freundlich und lieben den Gesang, pl\u00f6tzlich stimmt Delegationsleiterin der litauischen Schule ein litauisches Lied an, dessen Melodie mir bekannt vorkam und wechselt im Anschluss direkt in den deutschen Text: \u201eEin bisschen Frieden\u201c. So tr\u00e4gt auch 41 Jahre nach dem Sieg des Grand Prix Eurovision dieser Song zur europ\u00e4ischen Verst\u00e4ndigung bei und bringt den Wunsch aller Menschen zum Ausdruck. Danke \u201eNicole\u201c und meiner Schwester f\u00fcr das setzen dieses Songs in die Erinnerungswindungen meines Gehirns.<\/p>\n\n\n\n<h2 class=\"wp-block-heading\">Nur getr\u00e4umt (1983) Nena <\/h2>\n\n\n\n<figure class=\"wp-block-embed is-type-rich is-provider-spotify wp-block-embed-spotify wp-embed-aspect-21-9 wp-has-aspect-ratio\"><div class=\"wp-block-embed__wrapper\">\n<iframe title=\"Spotify Embed: Nur getr\u00e4umt\" style=\"border-radius: 12px\" width=\"100%\" height=\"152\" frameborder=\"0\" allowfullscreen allow=\"autoplay; clipboard-write; encrypted-media; fullscreen; picture-in-picture\" loading=\"lazy\" src=\"https:\/\/open.spotify.com\/embed\/track\/0ukySDr4uEzZE36s7t7X8E?si=OkqIWrjZR6qwluqYpUCrZA&#038;utm_source=oembed\"><\/iframe>\n<\/div><\/figure>\n\n\n\n<p>Ich kann mich noch gut erinnern das ich im Fernsehen meiner Eltern eine Sendung sah die so glaube ich mich zu erinnern Alfred Biolek moderiert hatte. Es war zu einer Uhrzeit in der wir eigentlich bereits im Bett lagen und da trat eine junge Band auf. &#8222;Nena&#8220; eine Frau im roten Minirock sang davon einen Tag einfach mal nichts zu machen und dies nicht zu bereuen. Dem sch\u00f6nen Jungen nachzutr\u00e4ume. Und ich stand da in meinem Schlafanzug und sollte wieder zur\u00fcck ins Bett. <\/p>\n\n\n\n<p>Doch an schlafen war nicht zu denken denn nur wer tr\u00e4umte hatte nichts vers\u00e4umt und mit diesem Auftritt waren die Gedanken an etwas anderes geweckt worden, und von nun an w\u00fcrde ich mich sicher f\u00fcr Musik interessieren. Nena hatte mich in Jugendtr\u00e4ume gesto\u00dfen. Ich erinnere mich wie Freunde die regelm\u00e4\u00dfig &#8222;Bravo&#8220; kauften sich nena als Starschnitt zusammen sammelten, fein s\u00e4uberlich mit der Schere ausgeschnitten und lebensgros sich in ihr Zimmer geh\u00e4ngt. <\/p>\n\n\n\n<p>Von meine. Taschengeld kaufte ich mir das Album und stellte es mir ins Zimmer die Texte der Platte konnte ich alle auswendig. <\/p>\n\n\n\n<p>Viel sp\u00e4ter war ich bei einem Klassenkameraden. Seine Familie hatte einen VHS Videorekorder und ein Video mit einem Mitschnitt eines Nena Konzertes. Noch heute wei\u00df ich sie trug ein Top mit einer Zuge darauf und war v\u00f6llig verschwitzt. Ich erinnere mich das ich mich zuhause fragte warum Nena denn ein Stones Shirt trug, sie war doch Nena. <\/p>\n\n\n\n<p>Auch heute noch erinnere ich mich bei dem erklingen dieser T\u00f6ne an das Gef\u00fchlskarussell dieses ersten Songs der Tr\u00e4ume erzeugte.<\/p>\n\n\n\n<p class=\"has-text-align-center\"><\/p>\n","protected":false},"excerpt":{"rendered":"<p>Blubbersongs Berichte von Liedern die mich bewegten Vielleicht kennst du das Lied Lieder von Adel Tavil der in seinem Song kurz beschreibt welche Songs ihn in seinem Leben bewegten.&nbsp; Ausgehend von diesem Lied m\u00f6chte in dieser Seite Lieder vorstellen die mich bewegten.&nbsp; Oder noch bewegen. Immer mit dem entsprechenden Spotify link zum reinh\u00f6ren. Vielleicht habt &hellip; <a href=\"https:\/\/nilsgruetzner.de\/?page_id=955\" class=\"more-link\"><span class=\"screen-reader-text\">\u201eBlubbersongs\u201c <\/span>weiterlesen<\/a><\/p>\n","protected":false},"author":1,"featured_media":0,"parent":498,"menu_order":0,"comment_status":"open","ping_status":"closed","template":"","meta":{"footnotes":""},"class_list":["post-955","page","type-page","status-publish","hentry"],"jetpack-related-posts":[],"jetpack_likes_enabled":true,"jetpack_sharing_enabled":true,"_links":{"self":[{"href":"https:\/\/nilsgruetzner.de\/index.php?rest_route=\/wp\/v2\/pages\/955","targetHints":{"allow":["GET"]}}],"collection":[{"href":"https:\/\/nilsgruetzner.de\/index.php?rest_route=\/wp\/v2\/pages"}],"about":[{"href":"https:\/\/nilsgruetzner.de\/index.php?rest_route=\/wp\/v2\/types\/page"}],"author":[{"embeddable":true,"href":"https:\/\/nilsgruetzner.de\/index.php?rest_route=\/wp\/v2\/users\/1"}],"replies":[{"embeddable":true,"href":"https:\/\/nilsgruetzner.de\/index.php?rest_route=%2Fwp%2Fv2%2Fcomments&post=955"}],"version-history":[{"count":17,"href":"https:\/\/nilsgruetzner.de\/index.php?rest_route=\/wp\/v2\/pages\/955\/revisions"}],"predecessor-version":[{"id":1178,"href":"https:\/\/nilsgruetzner.de\/index.php?rest_route=\/wp\/v2\/pages\/955\/revisions\/1178"}],"up":[{"embeddable":true,"href":"https:\/\/nilsgruetzner.de\/index.php?rest_route=\/wp\/v2\/pages\/498"}],"wp:attachment":[{"href":"https:\/\/nilsgruetzner.de\/index.php?rest_route=%2Fwp%2Fv2%2Fmedia&parent=955"}],"curies":[{"name":"wp","href":"https:\/\/api.w.org\/{rel}","templated":true}]}}